{"id":3931,"date":"2019-06-25T10:21:58","date_gmt":"2019-06-25T13:21:58","guid":{"rendered":"https:\/\/lubrificantes.pefil.com.br\/mobil\/?post_type=product&#038;p=3931"},"modified":"2024-11-21T18:05:44","modified_gmt":"2024-11-21T21:05:44","slug":"mobil-eal-arctic-220-bd","status":"publish","type":"product","link":"https:\/\/lubrificantes.pefil.com.br\/mobil\/produto\/mobil-eal-arctic-220-bd\/","title":{"rendered":"Mobil Eal Arctic 220 BD"},"content":{"rendered":"<h2>&Oacute;leo lubrificante Eal Arctic 220<\/h2>\n<p><span style=\"font-size:14px\">&Oacute;leo Compressor Refrigera&ccedil;&atilde;o 220 Mobil Eal Arctic 220 &eacute; um produto Environmental Awareness Lubricants &ndash; EAL (lubrificantes com consci&ecirc;ncia ambiental) de alto desempenho 100% sint&eacute;ticos desenvolvidos especificamente para a lubrifica&ccedil;&atilde;o de compressores e sistemas que utilizam refrigerantes HFC que n&atilde;o reagem com o oz&ocirc;nio (HFC s&atilde;o produtos sem cloro que substitu&iacute;ram os<br \/>\nCFCs &ndash; fluidos refrigerantes clorados). Os &oacute;leos Mobil EAL Arctic S&eacute;rie possuem formula&ccedil;&atilde;o exclusiva com poliol&eacute;ster (POE) sintetizado e tamb&eacute;m um sistema &uacute;nico de aditivos que proporciona excelente lubrifica&ccedil;&atilde;o, prote&ccedil;&atilde;o contra desgaste, estabilidade t&eacute;rmica, qu&iacute;mica, e hidrol&iacute;tica. Eles s&atilde;o misc&iacute;veis com os refrigerantes HFC e possuem bom comportamento<br \/>\nviscosidade\/temperatura\/press&atilde;o em rela&ccedil;&atilde;o aos refrigerantes HFC amplamente utilizados. O desempenho dos &oacute;leos Mobil EAL Arctic S&eacute;rie est&aacute; bem evidenciado na presen&ccedil;a de refrigerantes HFC numa ampla faixa de aplica&ccedil;&otilde;es em sistemas de refrigera&ccedil;&atilde;o e de ar-condicionado, al&eacute;m de serem utilizados pelos maiores fabricantes de compressores e sistemas de refrigera&ccedil;&atilde;o no mundo todo.<br \/>\nOs &oacute;leos Mobil EAL Arctic S&eacute;rie est&atilde;o dispon&iacute;veis nas viscosidades ISO 22 at&eacute; 220 e s&atilde;o recomendados para refrigera&ccedil;&atilde;o dom&eacute;stica e comercial e em sistemas de ar-condicionado onde s&atilde;o utilizados refrigerantes HFC ou CO2.<\/span><\/p>\n","protected":false},"excerpt":{"rendered":"<h3> \u00d3leo lubrificante Eal Arctic 220 <\/h3>\n<p>\u00d3leo Compressor Refrigera\u00e7\u00e3o 220 Mobil Eal Arctic 220 \u00e9 um produto Environmental Awareness Lubricants \u2013 EAL (lubrificantes com consci\u00eancia ambiental) de alto desempenho 100% sint\u00e9ticos desenvolvidos especificamente para a lubrifica\u00e7\u00e3o de compressores e sistemas que utilizam refrigerantes HFC que n\u00e3o reagem com o oz\u00f4nio (HFC s\u00e3o produtos sem cloro que substitu\u00edram os<br \/>\nCFCs \u2013 fluidos refrigerantes clorados). Os \u00f3leos Mobil EAL Arctic S\u00e9rie possuem formula\u00e7\u00e3o exclusiva com poliol\u00e9ster (POE) sintetizado e tamb\u00e9m um sistema \u00fanico de aditivos que proporciona excelente lubrifica\u00e7\u00e3o, prote\u00e7\u00e3o contra desgaste, estabilidade t\u00e9rmica, qu\u00edmica, e hidrol\u00edtica. Eles s\u00e3o misc\u00edveis com os refrigerantes HFC e possuem bom comportamento<br \/>\nviscosidade\/temperatura\/press\u00e3o em rela\u00e7\u00e3o aos refrigerantes HFC amplamente utilizados. O desempenho dos \u00f3leos Mobil EAL Arctic S\u00e9rie est\u00e1 bem evidenciado na presen\u00e7a de refrigerantes HFC numa ampla faixa de aplica\u00e7\u00f5es em sistemas de refrigera\u00e7\u00e3o e de ar-condicionado, al\u00e9m de serem utilizados pelos maiores fabricantes de compressores e sistemas de refrigera\u00e7\u00e3o no mundo todo.<br \/>\nOs \u00f3leos Mobil EAL Arctic S\u00e9rie est\u00e3o dispon\u00edveis nas viscosidades ISO 22 at\u00e9 220 e s\u00e3o recomendados para refrigera\u00e7\u00e3o dom\u00e9stica e comercial e em sistemas de ar-condicionado onde s\u00e3o utilizados refrigerantes HFC ou CO2.<\/p>\n","protected":false},"featured_media":5411,"template":"","meta":{"_acf_changed":false},"product_cat":[429,400],"product_tag":[],"class_list":{"0":"post-3931","1":"product","2":"type-product","3":"status-publish","4":"has-post-thumbnail","6":"product_cat-compressores","7":"product_cat-industriais","9":"first","10":"instock","11":"shipping-taxable","12":"product-type-simple"},"acf":[],"yoast_head":"<!-- This site is optimized with the Yoast SEO plugin v23.9 - https:\/\/yoast.com\/wordpress\/plugins\/seo\/ -->\n<title>Mobil Eal Arctic 220 BD - Pefil - Lubrificantes Mobil<\/title>\n<meta name=\"robots\" content=\"index, follow, max-snippet:-1, max-image-preview:large, max-video-preview:-1\" \/>\n<link rel=\"canonical\" href=\"https:\/\/lubrificantes.pefil.com.br\/mobil\/produto\/mobil-eal-arctic-220-bd\/\" \/>\n<meta property=\"og:locale\" content=\"pt_BR\" \/>\n<meta property=\"og:type\" content=\"article\" \/>\n<meta property=\"og:title\" content=\"Mobil Eal Arctic 220 BD - Pefil - Lubrificantes Mobil\" \/>\n<meta property=\"og:description\" content=\"\u00d3leo lubrificante Eal Arctic 220  \u00d3leo Compressor Refrigera\u00e7\u00e3o 220 Mobil Eal Arctic 220 \u00e9 um produto Environmental Awareness Lubricants \u2013 EAL (lubrificantes com consci\u00eancia ambiental) de alto desempenho 100% sint\u00e9ticos desenvolvidos especificamente para a lubrifica\u00e7\u00e3o de compressores e sistemas que utilizam refrigerantes HFC que n\u00e3o reagem com o oz\u00f4nio (HFC s\u00e3o produtos sem cloro que substitu\u00edram os CFCs \u2013 fluidos refrigerantes clorados). Os \u00f3leos Mobil EAL Arctic S\u00e9rie possuem formula\u00e7\u00e3o exclusiva com poliol\u00e9ster (POE) sintetizado e tamb\u00e9m um sistema \u00fanico de aditivos que proporciona excelente lubrifica\u00e7\u00e3o, prote\u00e7\u00e3o contra desgaste, estabilidade t\u00e9rmica, qu\u00edmica, e hidrol\u00edtica. Eles s\u00e3o misc\u00edveis com os refrigerantes HFC e possuem bom comportamento viscosidade\/temperatura\/press\u00e3o em rela\u00e7\u00e3o aos refrigerantes HFC amplamente utilizados. O desempenho dos \u00f3leos Mobil EAL Arctic S\u00e9rie est\u00e1 bem evidenciado na presen\u00e7a de refrigerantes HFC numa ampla faixa de aplica\u00e7\u00f5es em sistemas de refrigera\u00e7\u00e3o e de ar-condicionado, al\u00e9m de serem utilizados pelos maiores fabricantes de compressores e sistemas de refrigera\u00e7\u00e3o no mundo todo. Os \u00f3leos Mobil EAL Arctic S\u00e9rie est\u00e3o dispon\u00edveis nas viscosidades ISO 22 at\u00e9 220 e s\u00e3o recomendados para refrigera\u00e7\u00e3o dom\u00e9stica e comercial e em sistemas de ar-condicionado onde s\u00e3o utilizados refrigerantes HFC ou CO2.\" \/>\n<meta property=\"og:url\" content=\"https:\/\/lubrificantes.pefil.com.br\/mobil\/produto\/mobil-eal-arctic-220-bd\/\" \/>\n<meta property=\"og:site_name\" content=\"Pefil - Lubrificantes Mobil\" \/>\n<meta property=\"article:modified_time\" content=\"2024-11-21T21:05:44+00:00\" \/>\n<meta property=\"og:image\" content=\"https:\/\/lubrificantes.pefil.com.br\/mobil\/wp-content\/uploads\/2024\/10\/MOBIL-MOBILTEMP-1.jpg\" \/>\n\t<meta property=\"og:image:width\" content=\"350\" \/>\n\t<meta property=\"og:image:height\" content=\"350\" \/>\n\t<meta property=\"og:image:type\" content=\"image\/jpeg\" \/>\n<meta name=\"twitter:card\" content=\"summary_large_image\" \/>\n<meta name=\"twitter:label1\" content=\"Est. tempo de leitura\" \/>\n\t<meta name=\"twitter:data1\" content=\"2 minutos\" \/>\n<script type=\"application\/ld+json\" class=\"yoast-schema-graph\">{\"@context\":\"https:\/\/schema.org\",\"@graph\":[{\"@type\":\"WebPage\",\"@id\":\"https:\/\/lubrificantes.pefil.com.br\/mobil\/produto\/mobil-eal-arctic-220-bd\/\",\"url\":\"https:\/\/lubrificantes.pefil.com.br\/mobil\/produto\/mobil-eal-arctic-220-bd\/\",\"name\":\"Mobil Eal Arctic 220 BD - Pefil - Lubrificantes Mobil\",\"isPartOf\":{\"@id\":\"https:\/\/lubrificantes.pefil.com.br\/mobil\/#website\"},\"primaryImageOfPage\":{\"@id\":\"https:\/\/lubrificantes.pefil.com.br\/mobil\/produto\/mobil-eal-arctic-220-bd\/#primaryimage\"},\"image\":{\"@id\":\"https:\/\/lubrificantes.pefil.com.br\/mobil\/produto\/mobil-eal-arctic-220-bd\/#primaryimage\"},\"thumbnailUrl\":\"https:\/\/lubrificantes.pefil.com.br\/mobil\/wp-content\/uploads\/2024\/10\/MOBIL-MOBILTEMP-1.jpg\",\"datePublished\":\"2019-06-25T13:21:58+00:00\",\"dateModified\":\"2024-11-21T21:05:44+00:00\",\"breadcrumb\":{\"@id\":\"https:\/\/lubrificantes.pefil.com.br\/mobil\/produto\/mobil-eal-arctic-220-bd\/#breadcrumb\"},\"inLanguage\":\"pt-BR\",\"potentialAction\":[{\"@type\":\"ReadAction\",\"target\":[\"https:\/\/lubrificantes.pefil.com.br\/mobil\/produto\/mobil-eal-arctic-220-bd\/\"]}]},{\"@type\":\"ImageObject\",\"inLanguage\":\"pt-BR\",\"@id\":\"https:\/\/lubrificantes.pefil.com.br\/mobil\/produto\/mobil-eal-arctic-220-bd\/#primaryimage\",\"url\":\"https:\/\/lubrificantes.pefil.com.br\/mobil\/wp-content\/uploads\/2024\/10\/MOBIL-MOBILTEMP-1.jpg\",\"contentUrl\":\"https:\/\/lubrificantes.pefil.com.br\/mobil\/wp-content\/uploads\/2024\/10\/MOBIL-MOBILTEMP-1.jpg\",\"width\":350,\"height\":350},{\"@type\":\"BreadcrumbList\",\"@id\":\"https:\/\/lubrificantes.pefil.com.br\/mobil\/produto\/mobil-eal-arctic-220-bd\/#breadcrumb\",\"itemListElement\":[{\"@type\":\"ListItem\",\"position\":1,\"name\":\"In\u00edcio\",\"item\":\"https:\/\/lubrificantes.pefil.com.br\/mobil\/\"},{\"@type\":\"ListItem\",\"position\":2,\"name\":\"Produtos\",\"item\":\"https:\/\/lubrificantes.pefil.com.br\/mobil\/shop\/\"},{\"@type\":\"ListItem\",\"position\":3,\"name\":\"Mobil Eal Arctic 220 BD\"}]},{\"@type\":\"WebSite\",\"@id\":\"https:\/\/lubrificantes.pefil.com.br\/mobil\/#website\",\"url\":\"https:\/\/lubrificantes.pefil.com.br\/mobil\/\",\"name\":\"Pefil - Lubrificantes Mobil\",\"description\":\"\",\"publisher\":{\"@id\":\"https:\/\/lubrificantes.pefil.com.br\/mobil\/#organization\"},\"potentialAction\":[{\"@type\":\"SearchAction\",\"target\":{\"@type\":\"EntryPoint\",\"urlTemplate\":\"https:\/\/lubrificantes.pefil.com.br\/mobil\/?s={search_term_string}\"},\"query-input\":{\"@type\":\"PropertyValueSpecification\",\"valueRequired\":true,\"valueName\":\"search_term_string\"}}],\"inLanguage\":\"pt-BR\"},{\"@type\":\"Organization\",\"@id\":\"https:\/\/lubrificantes.pefil.com.br\/mobil\/#organization\",\"name\":\"Pefil Lubrificantes\",\"url\":\"https:\/\/lubrificantes.pefil.com.br\/mobil\/\",\"logo\":{\"@type\":\"ImageObject\",\"inLanguage\":\"pt-BR\",\"@id\":\"https:\/\/lubrificantes.pefil.com.br\/mobil\/#\/schema\/logo\/image\/\",\"url\":\"http:\/\/vps54941.publiccloud.com.br\/mobil\/wp-content\/uploads\/2019\/07\/pefil.png\",\"contentUrl\":\"http:\/\/vps54941.publiccloud.com.br\/mobil\/wp-content\/uploads\/2019\/07\/pefil.png\",\"width\":300,\"height\":212,\"caption\":\"Pefil Lubrificantes\"},\"image\":{\"@id\":\"https:\/\/lubrificantes.pefil.com.br\/mobil\/#\/schema\/logo\/image\/\"}}]}<\/script>\n<!-- \/ Yoast SEO plugin. -->","yoast_head_json":{"title":"Mobil Eal Arctic 220 BD - Pefil - Lubrificantes Mobil","robots":{"index":"index","follow":"follow","max-snippet":"max-snippet:-1","max-image-preview":"max-image-preview:large","max-video-preview":"max-video-preview:-1"},"canonical":"https:\/\/lubrificantes.pefil.com.br\/mobil\/produto\/mobil-eal-arctic-220-bd\/","og_locale":"pt_BR","og_type":"article","og_title":"Mobil Eal Arctic 220 BD - Pefil - Lubrificantes Mobil","og_description":"\u00d3leo lubrificante Eal Arctic 220  \u00d3leo Compressor Refrigera\u00e7\u00e3o 220 Mobil Eal Arctic 220 \u00e9 um produto Environmental Awareness Lubricants \u2013 EAL (lubrificantes com consci\u00eancia ambiental) de alto desempenho 100% sint\u00e9ticos desenvolvidos especificamente para a lubrifica\u00e7\u00e3o de compressores e sistemas que utilizam refrigerantes HFC que n\u00e3o reagem com o oz\u00f4nio (HFC s\u00e3o produtos sem cloro que substitu\u00edram os CFCs \u2013 fluidos refrigerantes clorados). Os \u00f3leos Mobil EAL Arctic S\u00e9rie possuem formula\u00e7\u00e3o exclusiva com poliol\u00e9ster (POE) sintetizado e tamb\u00e9m um sistema \u00fanico de aditivos que proporciona excelente lubrifica\u00e7\u00e3o, prote\u00e7\u00e3o contra desgaste, estabilidade t\u00e9rmica, qu\u00edmica, e hidrol\u00edtica. Eles s\u00e3o misc\u00edveis com os refrigerantes HFC e possuem bom comportamento viscosidade\/temperatura\/press\u00e3o em rela\u00e7\u00e3o aos refrigerantes HFC amplamente utilizados. O desempenho dos \u00f3leos Mobil EAL Arctic S\u00e9rie est\u00e1 bem evidenciado na presen\u00e7a de refrigerantes HFC numa ampla faixa de aplica\u00e7\u00f5es em sistemas de refrigera\u00e7\u00e3o e de ar-condicionado, al\u00e9m de serem utilizados pelos maiores fabricantes de compressores e sistemas de refrigera\u00e7\u00e3o no mundo todo. Os \u00f3leos Mobil EAL Arctic S\u00e9rie est\u00e3o dispon\u00edveis nas viscosidades ISO 22 at\u00e9 220 e s\u00e3o recomendados para refrigera\u00e7\u00e3o dom\u00e9stica e comercial e em sistemas de ar-condicionado onde s\u00e3o utilizados refrigerantes HFC ou CO2.","og_url":"https:\/\/lubrificantes.pefil.com.br\/mobil\/produto\/mobil-eal-arctic-220-bd\/","og_site_name":"Pefil - Lubrificantes Mobil","article_modified_time":"2024-11-21T21:05:44+00:00","og_image":[{"width":350,"height":350,"url":"https:\/\/lubrificantes.pefil.com.br\/mobil\/wp-content\/uploads\/2024\/10\/MOBIL-MOBILTEMP-1.jpg","type":"image\/jpeg"}],"twitter_card":"summary_large_image","twitter_misc":{"Est. tempo de leitura":"2 minutos"},"schema":{"@context":"https:\/\/schema.org","@graph":[{"@type":"WebPage","@id":"https:\/\/lubrificantes.pefil.com.br\/mobil\/produto\/mobil-eal-arctic-220-bd\/","url":"https:\/\/lubrificantes.pefil.com.br\/mobil\/produto\/mobil-eal-arctic-220-bd\/","name":"Mobil Eal Arctic 220 BD - Pefil - Lubrificantes Mobil","isPartOf":{"@id":"https:\/\/lubrificantes.pefil.com.br\/mobil\/#website"},"primaryImageOfPage":{"@id":"https:\/\/lubrificantes.pefil.com.br\/mobil\/produto\/mobil-eal-arctic-220-bd\/#primaryimage"},"image":{"@id":"https:\/\/lubrificantes.pefil.com.br\/mobil\/produto\/mobil-eal-arctic-220-bd\/#primaryimage"},"thumbnailUrl":"https:\/\/lubrificantes.pefil.com.br\/mobil\/wp-content\/uploads\/2024\/10\/MOBIL-MOBILTEMP-1.jpg","datePublished":"2019-06-25T13:21:58+00:00","dateModified":"2024-11-21T21:05:44+00:00","breadcrumb":{"@id":"https:\/\/lubrificantes.pefil.com.br\/mobil\/produto\/mobil-eal-arctic-220-bd\/#breadcrumb"},"inLanguage":"pt-BR","potentialAction":[{"@type":"ReadAction","target":["https:\/\/lubrificantes.pefil.com.br\/mobil\/produto\/mobil-eal-arctic-220-bd\/"]}]},{"@type":"ImageObject","inLanguage":"pt-BR","@id":"https:\/\/lubrificantes.pefil.com.br\/mobil\/produto\/mobil-eal-arctic-220-bd\/#primaryimage","url":"https:\/\/lubrificantes.pefil.com.br\/mobil\/wp-content\/uploads\/2024\/10\/MOBIL-MOBILTEMP-1.jpg","contentUrl":"https:\/\/lubrificantes.pefil.com.br\/mobil\/wp-content\/uploads\/2024\/10\/MOBIL-MOBILTEMP-1.jpg","width":350,"height":350},{"@type":"BreadcrumbList","@id":"https:\/\/lubrificantes.pefil.com.br\/mobil\/produto\/mobil-eal-arctic-220-bd\/#breadcrumb","itemListElement":[{"@type":"ListItem","position":1,"name":"In\u00edcio","item":"https:\/\/lubrificantes.pefil.com.br\/mobil\/"},{"@type":"ListItem","position":2,"name":"Produtos","item":"https:\/\/lubrificantes.pefil.com.br\/mobil\/shop\/"},{"@type":"ListItem","position":3,"name":"Mobil Eal Arctic 220 BD"}]},{"@type":"WebSite","@id":"https:\/\/lubrificantes.pefil.com.br\/mobil\/#website","url":"https:\/\/lubrificantes.pefil.com.br\/mobil\/","name":"Pefil - Lubrificantes Mobil","description":"","publisher":{"@id":"https:\/\/lubrificantes.pefil.com.br\/mobil\/#organization"},"potentialAction":[{"@type":"SearchAction","target":{"@type":"EntryPoint","urlTemplate":"https:\/\/lubrificantes.pefil.com.br\/mobil\/?s={search_term_string}"},"query-input":{"@type":"PropertyValueSpecification","valueRequired":true,"valueName":"search_term_string"}}],"inLanguage":"pt-BR"},{"@type":"Organization","@id":"https:\/\/lubrificantes.pefil.com.br\/mobil\/#organization","name":"Pefil Lubrificantes","url":"https:\/\/lubrificantes.pefil.com.br\/mobil\/","logo":{"@type":"ImageObject","inLanguage":"pt-BR","@id":"https:\/\/lubrificantes.pefil.com.br\/mobil\/#\/schema\/logo\/image\/","url":"http:\/\/vps54941.publiccloud.com.br\/mobil\/wp-content\/uploads\/2019\/07\/pefil.png","contentUrl":"http:\/\/vps54941.publiccloud.com.br\/mobil\/wp-content\/uploads\/2019\/07\/pefil.png","width":300,"height":212,"caption":"Pefil Lubrificantes"},"image":{"@id":"https:\/\/lubrificantes.pefil.com.br\/mobil\/#\/schema\/logo\/image\/"}}]}},"_links":{"self":[{"href":"https:\/\/lubrificantes.pefil.com.br\/mobil\/wp-json\/wp\/v2\/product\/3931","targetHints":{"allow":["GET"]}}],"collection":[{"href":"https:\/\/lubrificantes.pefil.com.br\/mobil\/wp-json\/wp\/v2\/product"}],"about":[{"href":"https:\/\/lubrificantes.pefil.com.br\/mobil\/wp-json\/wp\/v2\/types\/product"}],"version-history":[{"count":3,"href":"https:\/\/lubrificantes.pefil.com.br\/mobil\/wp-json\/wp\/v2\/product\/3931\/revisions"}],"predecessor-version":[{"id":6440,"href":"https:\/\/lubrificantes.pefil.com.br\/mobil\/wp-json\/wp\/v2\/product\/3931\/revisions\/6440"}],"wp:featuredmedia":[{"embeddable":true,"href":"https:\/\/lubrificantes.pefil.com.br\/mobil\/wp-json\/wp\/v2\/media\/5411"}],"wp:attachment":[{"href":"https:\/\/lubrificantes.pefil.com.br\/mobil\/wp-json\/wp\/v2\/media?parent=3931"}],"wp:term":[{"taxonomy":"product_cat","embeddable":true,"href":"https:\/\/lubrificantes.pefil.com.br\/mobil\/wp-json\/wp\/v2\/product_cat?post=3931"},{"taxonomy":"product_tag","embeddable":true,"href":"https:\/\/lubrificantes.pefil.com.br\/mobil\/wp-json\/wp\/v2\/product_tag?post=3931"}],"curies":[{"name":"wp","href":"https:\/\/api.w.org\/{rel}","templated":true}]}}