{"id":3914,"date":"2019-06-25T10:21:52","date_gmt":"2019-06-25T13:21:52","guid":{"rendered":"https:\/\/lubrificantes.pefil.com.br\/mobil\/?post_type=product&#038;p=3914"},"modified":"2024-11-22T18:20:44","modified_gmt":"2024-11-22T21:20:44","slug":"mobil-glygoyle-1000","status":"publish","type":"product","link":"https:\/\/lubrificantes.pefil.com.br\/mobil\/produto\/mobil-glygoyle-1000\/","title":{"rendered":"Mobil Glygoyle 1000"},"content":{"rendered":"<h2>\u00a0\u00d3leo lubrificante MOGLYGOYLE 1000<\/h2>\n<p><span style=\"font-size: 14px;\">\u00d3leos sint\u00e9ticos \u00e0 base de polialquilenoglicol (PAG) de desempenho superior para engrenagens, mancais e compressores projetados para proporcionar benef\u00edcios extraordin\u00e1rios em termos de efici\u00eancia, vida \u00fatil prolongada do \u00f3leo e prote\u00e7\u00e3o do equipamento. Sua formula\u00e7\u00e3o foi elaborada para oferecer: Prote\u00e7\u00e3o excepcional contra press\u00e3o extrema (EP)\/anti-desgaste, contra o micropitting, contra ferrugem e corros\u00e3o, resist\u00eancia contra a forma\u00e7\u00e3o de espuma, estabilidade t\u00e9rmica e anti- oxidante;<\/span><\/p>\n","protected":false},"excerpt":{"rendered":"<h3>\u00d3leo lubrificante Glygoyle 1000<\/h3>\n<p>\u00d3leos sint\u00e9ticos \u00e0 base de polialquilenoglicol (PAG) de desempenho superior para engrenagens, mancais e compressores projetados para proporcionar benef\u00edcios extraordin\u00e1rios em termos de efici\u00eancia, vida \u00fatil prolongada do \u00f3leo e prote\u00e7\u00e3o do equipamento. Sua formula\u00e7\u00e3o foi elaborada para oferecer: Prote\u00e7\u00e3o excepcional contra press\u00e3o extrema (EP)\/anti-desgaste, contra o micropitting, contra ferrugem e corros\u00e3o, resist\u00eancia contra a forma\u00e7\u00e3o de espuma, estabilidade t\u00e9rmica e anti- oxidante;<\/p>\n","protected":false},"featured_media":6453,"template":"","meta":{"_acf_changed":false},"product_cat":[408,400],"product_tag":[],"class_list":{"0":"post-3914","1":"product","2":"type-product","3":"status-publish","4":"has-post-thumbnail","6":"product_cat-engrenagens-e-redutores","7":"product_cat-industriais","9":"first","10":"instock","11":"shipping-taxable","12":"product-type-simple"},"acf":[],"yoast_head":"<!-- This site is optimized with the Yoast SEO plugin v23.9 - https:\/\/yoast.com\/wordpress\/plugins\/seo\/ -->\n<title>Mobil Glygoyle 1000 - Pefil - Lubrificantes Mobil<\/title>\n<meta name=\"robots\" content=\"index, follow, max-snippet:-1, max-image-preview:large, max-video-preview:-1\" \/>\n<link rel=\"canonical\" href=\"https:\/\/lubrificantes.pefil.com.br\/mobil\/produto\/mobil-glygoyle-1000\/\" \/>\n<meta property=\"og:locale\" content=\"pt_BR\" \/>\n<meta property=\"og:type\" content=\"article\" \/>\n<meta property=\"og:title\" content=\"Mobil Glygoyle 1000 - Pefil - Lubrificantes Mobil\" \/>\n<meta property=\"og:description\" content=\"\u00d3leo lubrificante Glygoyle 1000 \u00d3leos sint\u00e9ticos \u00e0 base de polialquilenoglicol (PAG) de desempenho superior para engrenagens, mancais e compressores projetados para proporcionar benef\u00edcios extraordin\u00e1rios em termos de efici\u00eancia, vida \u00fatil prolongada do \u00f3leo e prote\u00e7\u00e3o do equipamento. Sua formula\u00e7\u00e3o foi elaborada para oferecer: Prote\u00e7\u00e3o excepcional contra press\u00e3o extrema (EP)\/anti-desgaste, contra o micropitting, contra ferrugem e corros\u00e3o, resist\u00eancia contra a forma\u00e7\u00e3o de espuma, estabilidade t\u00e9rmica e anti- oxidante;\" \/>\n<meta property=\"og:url\" content=\"https:\/\/lubrificantes.pefil.com.br\/mobil\/produto\/mobil-glygoyle-1000\/\" \/>\n<meta property=\"og:site_name\" content=\"Pefil - Lubrificantes Mobil\" \/>\n<meta property=\"article:modified_time\" content=\"2024-11-22T21:20:44+00:00\" \/>\n<meta property=\"og:image\" content=\"https:\/\/lubrificantes.pefil.com.br\/mobil\/wp-content\/uploads\/2019\/06\/Mobil-Spartan-EP-220-1.jpg\" \/>\n\t<meta property=\"og:image:width\" content=\"350\" \/>\n\t<meta property=\"og:image:height\" content=\"350\" \/>\n\t<meta property=\"og:image:type\" content=\"image\/jpeg\" \/>\n<meta name=\"twitter:card\" content=\"summary_large_image\" \/>\n<meta name=\"twitter:label1\" content=\"Est. tempo de leitura\" \/>\n\t<meta name=\"twitter:data1\" content=\"1 minuto\" \/>\n<script type=\"application\/ld+json\" class=\"yoast-schema-graph\">{\"@context\":\"https:\/\/schema.org\",\"@graph\":[{\"@type\":\"WebPage\",\"@id\":\"https:\/\/lubrificantes.pefil.com.br\/mobil\/produto\/mobil-glygoyle-1000\/\",\"url\":\"https:\/\/lubrificantes.pefil.com.br\/mobil\/produto\/mobil-glygoyle-1000\/\",\"name\":\"Mobil Glygoyle 1000 - Pefil - Lubrificantes Mobil\",\"isPartOf\":{\"@id\":\"https:\/\/lubrificantes.pefil.com.br\/mobil\/#website\"},\"primaryImageOfPage\":{\"@id\":\"https:\/\/lubrificantes.pefil.com.br\/mobil\/produto\/mobil-glygoyle-1000\/#primaryimage\"},\"image\":{\"@id\":\"https:\/\/lubrificantes.pefil.com.br\/mobil\/produto\/mobil-glygoyle-1000\/#primaryimage\"},\"thumbnailUrl\":\"https:\/\/lubrificantes.pefil.com.br\/mobil\/wp-content\/uploads\/2019\/06\/Mobil-Spartan-EP-220-1.jpg\",\"datePublished\":\"2019-06-25T13:21:52+00:00\",\"dateModified\":\"2024-11-22T21:20:44+00:00\",\"breadcrumb\":{\"@id\":\"https:\/\/lubrificantes.pefil.com.br\/mobil\/produto\/mobil-glygoyle-1000\/#breadcrumb\"},\"inLanguage\":\"pt-BR\",\"potentialAction\":[{\"@type\":\"ReadAction\",\"target\":[\"https:\/\/lubrificantes.pefil.com.br\/mobil\/produto\/mobil-glygoyle-1000\/\"]}]},{\"@type\":\"ImageObject\",\"inLanguage\":\"pt-BR\",\"@id\":\"https:\/\/lubrificantes.pefil.com.br\/mobil\/produto\/mobil-glygoyle-1000\/#primaryimage\",\"url\":\"https:\/\/lubrificantes.pefil.com.br\/mobil\/wp-content\/uploads\/2019\/06\/Mobil-Spartan-EP-220-1.jpg\",\"contentUrl\":\"https:\/\/lubrificantes.pefil.com.br\/mobil\/wp-content\/uploads\/2019\/06\/Mobil-Spartan-EP-220-1.jpg\",\"width\":350,\"height\":350},{\"@type\":\"BreadcrumbList\",\"@id\":\"https:\/\/lubrificantes.pefil.com.br\/mobil\/produto\/mobil-glygoyle-1000\/#breadcrumb\",\"itemListElement\":[{\"@type\":\"ListItem\",\"position\":1,\"name\":\"In\u00edcio\",\"item\":\"https:\/\/lubrificantes.pefil.com.br\/mobil\/\"},{\"@type\":\"ListItem\",\"position\":2,\"name\":\"Produtos\",\"item\":\"https:\/\/lubrificantes.pefil.com.br\/mobil\/shop\/\"},{\"@type\":\"ListItem\",\"position\":3,\"name\":\"Mobil Glygoyle 1000\"}]},{\"@type\":\"WebSite\",\"@id\":\"https:\/\/lubrificantes.pefil.com.br\/mobil\/#website\",\"url\":\"https:\/\/lubrificantes.pefil.com.br\/mobil\/\",\"name\":\"Pefil - Lubrificantes Mobil\",\"description\":\"\",\"publisher\":{\"@id\":\"https:\/\/lubrificantes.pefil.com.br\/mobil\/#organization\"},\"potentialAction\":[{\"@type\":\"SearchAction\",\"target\":{\"@type\":\"EntryPoint\",\"urlTemplate\":\"https:\/\/lubrificantes.pefil.com.br\/mobil\/?s={search_term_string}\"},\"query-input\":{\"@type\":\"PropertyValueSpecification\",\"valueRequired\":true,\"valueName\":\"search_term_string\"}}],\"inLanguage\":\"pt-BR\"},{\"@type\":\"Organization\",\"@id\":\"https:\/\/lubrificantes.pefil.com.br\/mobil\/#organization\",\"name\":\"Pefil Lubrificantes\",\"url\":\"https:\/\/lubrificantes.pefil.com.br\/mobil\/\",\"logo\":{\"@type\":\"ImageObject\",\"inLanguage\":\"pt-BR\",\"@id\":\"https:\/\/lubrificantes.pefil.com.br\/mobil\/#\/schema\/logo\/image\/\",\"url\":\"http:\/\/vps54941.publiccloud.com.br\/mobil\/wp-content\/uploads\/2019\/07\/pefil.png\",\"contentUrl\":\"http:\/\/vps54941.publiccloud.com.br\/mobil\/wp-content\/uploads\/2019\/07\/pefil.png\",\"width\":300,\"height\":212,\"caption\":\"Pefil Lubrificantes\"},\"image\":{\"@id\":\"https:\/\/lubrificantes.pefil.com.br\/mobil\/#\/schema\/logo\/image\/\"}}]}<\/script>\n<!-- \/ Yoast SEO plugin. -->","yoast_head_json":{"title":"Mobil Glygoyle 1000 - Pefil - Lubrificantes Mobil","robots":{"index":"index","follow":"follow","max-snippet":"max-snippet:-1","max-image-preview":"max-image-preview:large","max-video-preview":"max-video-preview:-1"},"canonical":"https:\/\/lubrificantes.pefil.com.br\/mobil\/produto\/mobil-glygoyle-1000\/","og_locale":"pt_BR","og_type":"article","og_title":"Mobil Glygoyle 1000 - Pefil - Lubrificantes Mobil","og_description":"\u00d3leo lubrificante Glygoyle 1000 \u00d3leos sint\u00e9ticos \u00e0 base de polialquilenoglicol (PAG) de desempenho superior para engrenagens, mancais e compressores projetados para proporcionar benef\u00edcios extraordin\u00e1rios em termos de efici\u00eancia, vida \u00fatil prolongada do \u00f3leo e prote\u00e7\u00e3o do equipamento. Sua formula\u00e7\u00e3o foi elaborada para oferecer: Prote\u00e7\u00e3o excepcional contra press\u00e3o extrema (EP)\/anti-desgaste, contra o micropitting, contra ferrugem e corros\u00e3o, resist\u00eancia contra a forma\u00e7\u00e3o de espuma, estabilidade t\u00e9rmica e anti- oxidante;","og_url":"https:\/\/lubrificantes.pefil.com.br\/mobil\/produto\/mobil-glygoyle-1000\/","og_site_name":"Pefil - Lubrificantes Mobil","article_modified_time":"2024-11-22T21:20:44+00:00","og_image":[{"width":350,"height":350,"url":"https:\/\/lubrificantes.pefil.com.br\/mobil\/wp-content\/uploads\/2019\/06\/Mobil-Spartan-EP-220-1.jpg","type":"image\/jpeg"}],"twitter_card":"summary_large_image","twitter_misc":{"Est. tempo de leitura":"1 minuto"},"schema":{"@context":"https:\/\/schema.org","@graph":[{"@type":"WebPage","@id":"https:\/\/lubrificantes.pefil.com.br\/mobil\/produto\/mobil-glygoyle-1000\/","url":"https:\/\/lubrificantes.pefil.com.br\/mobil\/produto\/mobil-glygoyle-1000\/","name":"Mobil Glygoyle 1000 - Pefil - Lubrificantes Mobil","isPartOf":{"@id":"https:\/\/lubrificantes.pefil.com.br\/mobil\/#website"},"primaryImageOfPage":{"@id":"https:\/\/lubrificantes.pefil.com.br\/mobil\/produto\/mobil-glygoyle-1000\/#primaryimage"},"image":{"@id":"https:\/\/lubrificantes.pefil.com.br\/mobil\/produto\/mobil-glygoyle-1000\/#primaryimage"},"thumbnailUrl":"https:\/\/lubrificantes.pefil.com.br\/mobil\/wp-content\/uploads\/2019\/06\/Mobil-Spartan-EP-220-1.jpg","datePublished":"2019-06-25T13:21:52+00:00","dateModified":"2024-11-22T21:20:44+00:00","breadcrumb":{"@id":"https:\/\/lubrificantes.pefil.com.br\/mobil\/produto\/mobil-glygoyle-1000\/#breadcrumb"},"inLanguage":"pt-BR","potentialAction":[{"@type":"ReadAction","target":["https:\/\/lubrificantes.pefil.com.br\/mobil\/produto\/mobil-glygoyle-1000\/"]}]},{"@type":"ImageObject","inLanguage":"pt-BR","@id":"https:\/\/lubrificantes.pefil.com.br\/mobil\/produto\/mobil-glygoyle-1000\/#primaryimage","url":"https:\/\/lubrificantes.pefil.com.br\/mobil\/wp-content\/uploads\/2019\/06\/Mobil-Spartan-EP-220-1.jpg","contentUrl":"https:\/\/lubrificantes.pefil.com.br\/mobil\/wp-content\/uploads\/2019\/06\/Mobil-Spartan-EP-220-1.jpg","width":350,"height":350},{"@type":"BreadcrumbList","@id":"https:\/\/lubrificantes.pefil.com.br\/mobil\/produto\/mobil-glygoyle-1000\/#breadcrumb","itemListElement":[{"@type":"ListItem","position":1,"name":"In\u00edcio","item":"https:\/\/lubrificantes.pefil.com.br\/mobil\/"},{"@type":"ListItem","position":2,"name":"Produtos","item":"https:\/\/lubrificantes.pefil.com.br\/mobil\/shop\/"},{"@type":"ListItem","position":3,"name":"Mobil Glygoyle 1000"}]},{"@type":"WebSite","@id":"https:\/\/lubrificantes.pefil.com.br\/mobil\/#website","url":"https:\/\/lubrificantes.pefil.com.br\/mobil\/","name":"Pefil - Lubrificantes Mobil","description":"","publisher":{"@id":"https:\/\/lubrificantes.pefil.com.br\/mobil\/#organization"},"potentialAction":[{"@type":"SearchAction","target":{"@type":"EntryPoint","urlTemplate":"https:\/\/lubrificantes.pefil.com.br\/mobil\/?s={search_term_string}"},"query-input":{"@type":"PropertyValueSpecification","valueRequired":true,"valueName":"search_term_string"}}],"inLanguage":"pt-BR"},{"@type":"Organization","@id":"https:\/\/lubrificantes.pefil.com.br\/mobil\/#organization","name":"Pefil Lubrificantes","url":"https:\/\/lubrificantes.pefil.com.br\/mobil\/","logo":{"@type":"ImageObject","inLanguage":"pt-BR","@id":"https:\/\/lubrificantes.pefil.com.br\/mobil\/#\/schema\/logo\/image\/","url":"http:\/\/vps54941.publiccloud.com.br\/mobil\/wp-content\/uploads\/2019\/07\/pefil.png","contentUrl":"http:\/\/vps54941.publiccloud.com.br\/mobil\/wp-content\/uploads\/2019\/07\/pefil.png","width":300,"height":212,"caption":"Pefil Lubrificantes"},"image":{"@id":"https:\/\/lubrificantes.pefil.com.br\/mobil\/#\/schema\/logo\/image\/"}}]}},"_links":{"self":[{"href":"https:\/\/lubrificantes.pefil.com.br\/mobil\/wp-json\/wp\/v2\/product\/3914","targetHints":{"allow":["GET"]}}],"collection":[{"href":"https:\/\/lubrificantes.pefil.com.br\/mobil\/wp-json\/wp\/v2\/product"}],"about":[{"href":"https:\/\/lubrificantes.pefil.com.br\/mobil\/wp-json\/wp\/v2\/types\/product"}],"version-history":[{"count":2,"href":"https:\/\/lubrificantes.pefil.com.br\/mobil\/wp-json\/wp\/v2\/product\/3914\/revisions"}],"predecessor-version":[{"id":6459,"href":"https:\/\/lubrificantes.pefil.com.br\/mobil\/wp-json\/wp\/v2\/product\/3914\/revisions\/6459"}],"wp:featuredmedia":[{"embeddable":true,"href":"https:\/\/lubrificantes.pefil.com.br\/mobil\/wp-json\/wp\/v2\/media\/6453"}],"wp:attachment":[{"href":"https:\/\/lubrificantes.pefil.com.br\/mobil\/wp-json\/wp\/v2\/media?parent=3914"}],"wp:term":[{"taxonomy":"product_cat","embeddable":true,"href":"https:\/\/lubrificantes.pefil.com.br\/mobil\/wp-json\/wp\/v2\/product_cat?post=3914"},{"taxonomy":"product_tag","embeddable":true,"href":"https:\/\/lubrificantes.pefil.com.br\/mobil\/wp-json\/wp\/v2\/product_tag?post=3914"}],"curies":[{"name":"wp","href":"https:\/\/api.w.org\/{rel}","templated":true}]}}