{"id":3899,"date":"2019-06-25T10:21:50","date_gmt":"2019-06-25T13:21:50","guid":{"rendered":"https:\/\/lubrificantes.pefil.com.br\/mobil\/?post_type=product&#038;p=3899"},"modified":"2024-11-22T18:27:04","modified_gmt":"2024-11-22T21:27:04","slug":"mobil-circulatorio-320-shc-632","status":"publish","type":"product","link":"https:\/\/lubrificantes.pefil.com.br\/mobil\/produto\/mobil-circulatorio-320-shc-632\/","title":{"rendered":"Mobil Circulatorio 320 SHC 632"},"content":{"rendered":"","protected":false},"excerpt":{"rendered":"<h3>\u00d3leo lubrificante Circulatorio 320 SHC 632<\/h3>\n<p>\u00d3leo Sistema Circulat\u00f3rio 320 Mobil SHC 632 \u00e9 um \u00f3leo de alto desempenho para engrenagens e mancais e foram desenvolvidos para proporcionar excelente prote\u00e7\u00e3o ao equipamento, vida longa do \u00f3leo em uso e opera\u00e7\u00f5es sem problemas. Eles s\u00e3o formulados com \u00f3leos b\u00e1sicos sint\u00e9ticos de hidrocarbonetos isen-tos de cera e um exclusivo sistema de aditivos de alta tecnologia, que inclui alto \u00edndice de viscosidade.<br \/>\nPor isso esses produtos proporcionam excelente desempenho em servi\u00e7os extremos em baixas e altas temperaturas, bem acima da capacidade dos \u00f3leos minerais. Tamb\u00e9m s\u00e3o resistentes ao cisalhamento mec\u00e2nico, mesmo em engrenagens submetidas a altas cargas, e aplica\u00e7\u00f5es em mancais com alto cisa-lhamento, em que praticamente n\u00e3o apresentam perdas de viscosidade.<br \/>\nOs produtos MOBIL SHC S\u00c9RIE 600 possuem baixo coeficiente de tra\u00e7\u00e3o em fun\u00e7\u00e3o da estrutura mo-lecular dos \u00f3leos b\u00e1sicos utilizados. Essa caracter\u00edstica resulta em baixo coeficiente de atrito do fluido nas \u00e1reas de carga das superf\u00edcies de engrenamento, e nas superf\u00edcies de contato nos rolamentos. O baixo atrito fluido produz temperaturas mais baixas de opera\u00e7\u00e3o e aumenta a efici\u00eancia do sistema de engrenamento, que se transforma em consumo menor de energia. Esse fato tamb\u00e9m proporciona maior vida \u00fatil dos componentes e um projeto mais econ\u00f4mico dos equipamentos.<\/p>\n","protected":false},"featured_media":6448,"template":"","meta":{"_acf_changed":false},"product_cat":[400,405],"product_tag":[],"class_list":{"0":"post-3899","1":"product","2":"type-product","3":"status-publish","4":"has-post-thumbnail","6":"product_cat-industriais","7":"product_cat-sistemas-circulatorios","9":"first","10":"instock","11":"shipping-taxable","12":"product-type-simple"},"acf":[],"yoast_head":"<!-- This site is optimized with the Yoast SEO plugin v23.9 - https:\/\/yoast.com\/wordpress\/plugins\/seo\/ -->\n<title>Mobil Circulatorio 320 SHC 632 - Pefil - Lubrificantes Mobil<\/title>\n<meta name=\"robots\" content=\"index, follow, max-snippet:-1, max-image-preview:large, max-video-preview:-1\" \/>\n<link rel=\"canonical\" href=\"https:\/\/lubrificantes.pefil.com.br\/mobil\/produto\/mobil-circulatorio-320-shc-632\/\" \/>\n<meta property=\"og:locale\" content=\"pt_BR\" \/>\n<meta property=\"og:type\" content=\"article\" \/>\n<meta property=\"og:title\" content=\"Mobil Circulatorio 320 SHC 632 - Pefil - Lubrificantes Mobil\" \/>\n<meta property=\"og:description\" content=\"\u00d3leo lubrificante Circulatorio 320 SHC 632 \u00d3leo Sistema Circulat\u00f3rio 320 Mobil SHC 632 \u00e9 um \u00f3leo de alto desempenho para engrenagens e mancais e foram desenvolvidos para proporcionar excelente prote\u00e7\u00e3o ao equipamento, vida longa do \u00f3leo em uso e opera\u00e7\u00f5es sem problemas. Eles s\u00e3o formulados com \u00f3leos b\u00e1sicos sint\u00e9ticos de hidrocarbonetos isen-tos de cera e um exclusivo sistema de aditivos de alta tecnologia, que inclui alto \u00edndice de viscosidade. Por isso esses produtos proporcionam excelente desempenho em servi\u00e7os extremos em baixas e altas temperaturas, bem acima da capacidade dos \u00f3leos minerais. Tamb\u00e9m s\u00e3o resistentes ao cisalhamento mec\u00e2nico, mesmo em engrenagens submetidas a altas cargas, e aplica\u00e7\u00f5es em mancais com alto cisa-lhamento, em que praticamente n\u00e3o apresentam perdas de viscosidade. Os produtos MOBIL SHC S\u00c9RIE 600 possuem baixo coeficiente de tra\u00e7\u00e3o em fun\u00e7\u00e3o da estrutura mo-lecular dos \u00f3leos b\u00e1sicos utilizados. Essa caracter\u00edstica resulta em baixo coeficiente de atrito do fluido nas \u00e1reas de carga das superf\u00edcies de engrenamento, e nas superf\u00edcies de contato nos rolamentos. O baixo atrito fluido produz temperaturas mais baixas de opera\u00e7\u00e3o e aumenta a efici\u00eancia do sistema de engrenamento, que se transforma em consumo menor de energia. Esse fato tamb\u00e9m proporciona maior vida \u00fatil dos componentes e um projeto mais econ\u00f4mico dos equipamentos.\" \/>\n<meta property=\"og:url\" content=\"https:\/\/lubrificantes.pefil.com.br\/mobil\/produto\/mobil-circulatorio-320-shc-632\/\" \/>\n<meta property=\"og:site_name\" content=\"Pefil - Lubrificantes Mobil\" \/>\n<meta property=\"article:modified_time\" content=\"2024-11-22T21:27:04+00:00\" \/>\n<meta property=\"og:image\" content=\"https:\/\/lubrificantes.pefil.com.br\/mobil\/wp-content\/uploads\/2019\/06\/Mobil-Spartan-EP-220.jpg\" \/>\n\t<meta property=\"og:image:width\" content=\"350\" \/>\n\t<meta property=\"og:image:height\" content=\"350\" \/>\n\t<meta property=\"og:image:type\" content=\"image\/jpeg\" \/>\n<meta name=\"twitter:card\" content=\"summary_large_image\" \/>\n<script type=\"application\/ld+json\" class=\"yoast-schema-graph\">{\"@context\":\"https:\/\/schema.org\",\"@graph\":[{\"@type\":\"WebPage\",\"@id\":\"https:\/\/lubrificantes.pefil.com.br\/mobil\/produto\/mobil-circulatorio-320-shc-632\/\",\"url\":\"https:\/\/lubrificantes.pefil.com.br\/mobil\/produto\/mobil-circulatorio-320-shc-632\/\",\"name\":\"Mobil Circulatorio 320 SHC 632 - Pefil - Lubrificantes Mobil\",\"isPartOf\":{\"@id\":\"https:\/\/lubrificantes.pefil.com.br\/mobil\/#website\"},\"primaryImageOfPage\":{\"@id\":\"https:\/\/lubrificantes.pefil.com.br\/mobil\/produto\/mobil-circulatorio-320-shc-632\/#primaryimage\"},\"image\":{\"@id\":\"https:\/\/lubrificantes.pefil.com.br\/mobil\/produto\/mobil-circulatorio-320-shc-632\/#primaryimage\"},\"thumbnailUrl\":\"https:\/\/lubrificantes.pefil.com.br\/mobil\/wp-content\/uploads\/2019\/06\/Mobil-Spartan-EP-220.jpg\",\"datePublished\":\"2019-06-25T13:21:50+00:00\",\"dateModified\":\"2024-11-22T21:27:04+00:00\",\"breadcrumb\":{\"@id\":\"https:\/\/lubrificantes.pefil.com.br\/mobil\/produto\/mobil-circulatorio-320-shc-632\/#breadcrumb\"},\"inLanguage\":\"pt-BR\",\"potentialAction\":[{\"@type\":\"ReadAction\",\"target\":[\"https:\/\/lubrificantes.pefil.com.br\/mobil\/produto\/mobil-circulatorio-320-shc-632\/\"]}]},{\"@type\":\"ImageObject\",\"inLanguage\":\"pt-BR\",\"@id\":\"https:\/\/lubrificantes.pefil.com.br\/mobil\/produto\/mobil-circulatorio-320-shc-632\/#primaryimage\",\"url\":\"https:\/\/lubrificantes.pefil.com.br\/mobil\/wp-content\/uploads\/2019\/06\/Mobil-Spartan-EP-220.jpg\",\"contentUrl\":\"https:\/\/lubrificantes.pefil.com.br\/mobil\/wp-content\/uploads\/2019\/06\/Mobil-Spartan-EP-220.jpg\",\"width\":350,\"height\":350},{\"@type\":\"BreadcrumbList\",\"@id\":\"https:\/\/lubrificantes.pefil.com.br\/mobil\/produto\/mobil-circulatorio-320-shc-632\/#breadcrumb\",\"itemListElement\":[{\"@type\":\"ListItem\",\"position\":1,\"name\":\"In\u00edcio\",\"item\":\"https:\/\/lubrificantes.pefil.com.br\/mobil\/\"},{\"@type\":\"ListItem\",\"position\":2,\"name\":\"Produtos\",\"item\":\"https:\/\/lubrificantes.pefil.com.br\/mobil\/shop\/\"},{\"@type\":\"ListItem\",\"position\":3,\"name\":\"Mobil Circulatorio 320 SHC 632\"}]},{\"@type\":\"WebSite\",\"@id\":\"https:\/\/lubrificantes.pefil.com.br\/mobil\/#website\",\"url\":\"https:\/\/lubrificantes.pefil.com.br\/mobil\/\",\"name\":\"Pefil - Lubrificantes Mobil\",\"description\":\"\",\"publisher\":{\"@id\":\"https:\/\/lubrificantes.pefil.com.br\/mobil\/#organization\"},\"potentialAction\":[{\"@type\":\"SearchAction\",\"target\":{\"@type\":\"EntryPoint\",\"urlTemplate\":\"https:\/\/lubrificantes.pefil.com.br\/mobil\/?s={search_term_string}\"},\"query-input\":{\"@type\":\"PropertyValueSpecification\",\"valueRequired\":true,\"valueName\":\"search_term_string\"}}],\"inLanguage\":\"pt-BR\"},{\"@type\":\"Organization\",\"@id\":\"https:\/\/lubrificantes.pefil.com.br\/mobil\/#organization\",\"name\":\"Pefil Lubrificantes\",\"url\":\"https:\/\/lubrificantes.pefil.com.br\/mobil\/\",\"logo\":{\"@type\":\"ImageObject\",\"inLanguage\":\"pt-BR\",\"@id\":\"https:\/\/lubrificantes.pefil.com.br\/mobil\/#\/schema\/logo\/image\/\",\"url\":\"http:\/\/vps54941.publiccloud.com.br\/mobil\/wp-content\/uploads\/2019\/07\/pefil.png\",\"contentUrl\":\"http:\/\/vps54941.publiccloud.com.br\/mobil\/wp-content\/uploads\/2019\/07\/pefil.png\",\"width\":300,\"height\":212,\"caption\":\"Pefil Lubrificantes\"},\"image\":{\"@id\":\"https:\/\/lubrificantes.pefil.com.br\/mobil\/#\/schema\/logo\/image\/\"}}]}<\/script>\n<!-- \/ Yoast SEO plugin. -->","yoast_head_json":{"title":"Mobil Circulatorio 320 SHC 632 - Pefil - Lubrificantes Mobil","robots":{"index":"index","follow":"follow","max-snippet":"max-snippet:-1","max-image-preview":"max-image-preview:large","max-video-preview":"max-video-preview:-1"},"canonical":"https:\/\/lubrificantes.pefil.com.br\/mobil\/produto\/mobil-circulatorio-320-shc-632\/","og_locale":"pt_BR","og_type":"article","og_title":"Mobil Circulatorio 320 SHC 632 - Pefil - Lubrificantes Mobil","og_description":"\u00d3leo lubrificante Circulatorio 320 SHC 632 \u00d3leo Sistema Circulat\u00f3rio 320 Mobil SHC 632 \u00e9 um \u00f3leo de alto desempenho para engrenagens e mancais e foram desenvolvidos para proporcionar excelente prote\u00e7\u00e3o ao equipamento, vida longa do \u00f3leo em uso e opera\u00e7\u00f5es sem problemas. Eles s\u00e3o formulados com \u00f3leos b\u00e1sicos sint\u00e9ticos de hidrocarbonetos isen-tos de cera e um exclusivo sistema de aditivos de alta tecnologia, que inclui alto \u00edndice de viscosidade. Por isso esses produtos proporcionam excelente desempenho em servi\u00e7os extremos em baixas e altas temperaturas, bem acima da capacidade dos \u00f3leos minerais. Tamb\u00e9m s\u00e3o resistentes ao cisalhamento mec\u00e2nico, mesmo em engrenagens submetidas a altas cargas, e aplica\u00e7\u00f5es em mancais com alto cisa-lhamento, em que praticamente n\u00e3o apresentam perdas de viscosidade. Os produtos MOBIL SHC S\u00c9RIE 600 possuem baixo coeficiente de tra\u00e7\u00e3o em fun\u00e7\u00e3o da estrutura mo-lecular dos \u00f3leos b\u00e1sicos utilizados. Essa caracter\u00edstica resulta em baixo coeficiente de atrito do fluido nas \u00e1reas de carga das superf\u00edcies de engrenamento, e nas superf\u00edcies de contato nos rolamentos. O baixo atrito fluido produz temperaturas mais baixas de opera\u00e7\u00e3o e aumenta a efici\u00eancia do sistema de engrenamento, que se transforma em consumo menor de energia. Esse fato tamb\u00e9m proporciona maior vida \u00fatil dos componentes e um projeto mais econ\u00f4mico dos equipamentos.","og_url":"https:\/\/lubrificantes.pefil.com.br\/mobil\/produto\/mobil-circulatorio-320-shc-632\/","og_site_name":"Pefil - Lubrificantes Mobil","article_modified_time":"2024-11-22T21:27:04+00:00","og_image":[{"width":350,"height":350,"url":"https:\/\/lubrificantes.pefil.com.br\/mobil\/wp-content\/uploads\/2019\/06\/Mobil-Spartan-EP-220.jpg","type":"image\/jpeg"}],"twitter_card":"summary_large_image","schema":{"@context":"https:\/\/schema.org","@graph":[{"@type":"WebPage","@id":"https:\/\/lubrificantes.pefil.com.br\/mobil\/produto\/mobil-circulatorio-320-shc-632\/","url":"https:\/\/lubrificantes.pefil.com.br\/mobil\/produto\/mobil-circulatorio-320-shc-632\/","name":"Mobil Circulatorio 320 SHC 632 - Pefil - Lubrificantes Mobil","isPartOf":{"@id":"https:\/\/lubrificantes.pefil.com.br\/mobil\/#website"},"primaryImageOfPage":{"@id":"https:\/\/lubrificantes.pefil.com.br\/mobil\/produto\/mobil-circulatorio-320-shc-632\/#primaryimage"},"image":{"@id":"https:\/\/lubrificantes.pefil.com.br\/mobil\/produto\/mobil-circulatorio-320-shc-632\/#primaryimage"},"thumbnailUrl":"https:\/\/lubrificantes.pefil.com.br\/mobil\/wp-content\/uploads\/2019\/06\/Mobil-Spartan-EP-220.jpg","datePublished":"2019-06-25T13:21:50+00:00","dateModified":"2024-11-22T21:27:04+00:00","breadcrumb":{"@id":"https:\/\/lubrificantes.pefil.com.br\/mobil\/produto\/mobil-circulatorio-320-shc-632\/#breadcrumb"},"inLanguage":"pt-BR","potentialAction":[{"@type":"ReadAction","target":["https:\/\/lubrificantes.pefil.com.br\/mobil\/produto\/mobil-circulatorio-320-shc-632\/"]}]},{"@type":"ImageObject","inLanguage":"pt-BR","@id":"https:\/\/lubrificantes.pefil.com.br\/mobil\/produto\/mobil-circulatorio-320-shc-632\/#primaryimage","url":"https:\/\/lubrificantes.pefil.com.br\/mobil\/wp-content\/uploads\/2019\/06\/Mobil-Spartan-EP-220.jpg","contentUrl":"https:\/\/lubrificantes.pefil.com.br\/mobil\/wp-content\/uploads\/2019\/06\/Mobil-Spartan-EP-220.jpg","width":350,"height":350},{"@type":"BreadcrumbList","@id":"https:\/\/lubrificantes.pefil.com.br\/mobil\/produto\/mobil-circulatorio-320-shc-632\/#breadcrumb","itemListElement":[{"@type":"ListItem","position":1,"name":"In\u00edcio","item":"https:\/\/lubrificantes.pefil.com.br\/mobil\/"},{"@type":"ListItem","position":2,"name":"Produtos","item":"https:\/\/lubrificantes.pefil.com.br\/mobil\/shop\/"},{"@type":"ListItem","position":3,"name":"Mobil Circulatorio 320 SHC 632"}]},{"@type":"WebSite","@id":"https:\/\/lubrificantes.pefil.com.br\/mobil\/#website","url":"https:\/\/lubrificantes.pefil.com.br\/mobil\/","name":"Pefil - Lubrificantes Mobil","description":"","publisher":{"@id":"https:\/\/lubrificantes.pefil.com.br\/mobil\/#organization"},"potentialAction":[{"@type":"SearchAction","target":{"@type":"EntryPoint","urlTemplate":"https:\/\/lubrificantes.pefil.com.br\/mobil\/?s={search_term_string}"},"query-input":{"@type":"PropertyValueSpecification","valueRequired":true,"valueName":"search_term_string"}}],"inLanguage":"pt-BR"},{"@type":"Organization","@id":"https:\/\/lubrificantes.pefil.com.br\/mobil\/#organization","name":"Pefil Lubrificantes","url":"https:\/\/lubrificantes.pefil.com.br\/mobil\/","logo":{"@type":"ImageObject","inLanguage":"pt-BR","@id":"https:\/\/lubrificantes.pefil.com.br\/mobil\/#\/schema\/logo\/image\/","url":"http:\/\/vps54941.publiccloud.com.br\/mobil\/wp-content\/uploads\/2019\/07\/pefil.png","contentUrl":"http:\/\/vps54941.publiccloud.com.br\/mobil\/wp-content\/uploads\/2019\/07\/pefil.png","width":300,"height":212,"caption":"Pefil Lubrificantes"},"image":{"@id":"https:\/\/lubrificantes.pefil.com.br\/mobil\/#\/schema\/logo\/image\/"}}]}},"_links":{"self":[{"href":"https:\/\/lubrificantes.pefil.com.br\/mobil\/wp-json\/wp\/v2\/product\/3899","targetHints":{"allow":["GET"]}}],"collection":[{"href":"https:\/\/lubrificantes.pefil.com.br\/mobil\/wp-json\/wp\/v2\/product"}],"about":[{"href":"https:\/\/lubrificantes.pefil.com.br\/mobil\/wp-json\/wp\/v2\/types\/product"}],"version-history":[{"count":2,"href":"https:\/\/lubrificantes.pefil.com.br\/mobil\/wp-json\/wp\/v2\/product\/3899\/revisions"}],"predecessor-version":[{"id":6470,"href":"https:\/\/lubrificantes.pefil.com.br\/mobil\/wp-json\/wp\/v2\/product\/3899\/revisions\/6470"}],"wp:featuredmedia":[{"embeddable":true,"href":"https:\/\/lubrificantes.pefil.com.br\/mobil\/wp-json\/wp\/v2\/media\/6448"}],"wp:attachment":[{"href":"https:\/\/lubrificantes.pefil.com.br\/mobil\/wp-json\/wp\/v2\/media?parent=3899"}],"wp:term":[{"taxonomy":"product_cat","embeddable":true,"href":"https:\/\/lubrificantes.pefil.com.br\/mobil\/wp-json\/wp\/v2\/product_cat?post=3899"},{"taxonomy":"product_tag","embeddable":true,"href":"https:\/\/lubrificantes.pefil.com.br\/mobil\/wp-json\/wp\/v2\/product_tag?post=3899"}],"curies":[{"name":"wp","href":"https:\/\/api.w.org\/{rel}","templated":true}]}}