{"id":3871,"date":"2019-06-25T10:21:44","date_gmt":"2019-06-25T13:21:44","guid":{"rendered":"https:\/\/lubrificantes.pefil.com.br\/mobil\/?post_type=product&#038;p=3871"},"modified":"2024-11-25T10:12:56","modified_gmt":"2024-11-25T13:12:56","slug":"mobil-mobilgrease-especial","status":"publish","type":"product","link":"https:\/\/lubrificantes.pefil.com.br\/mobil\/produto\/mobil-mobilgrease-especial\/","title":{"rendered":"Mobil Mobilgrease Especial"},"content":{"rendered":"<h2>\u00a0\u00d3leo Lubrificante Mogrease Especial<\/h2>\n<p><span style=\"font-size: 14px;\">Graxa Bissulfeto de Molibd\u00eanio NLGI 2 Mobil Mobilgrease Special \u00e9 uma graxa de alta performance \u00e0 base de hidroxiestearato de l\u00edtio indicada para trabalhos em condi\u00e7\u00f5es sujeitas a extremas press\u00f5es. Ela \u00e9 formulada para proporcionar prote\u00e7\u00e3o contra o desgaste e a corros\u00e3o, al\u00e9m de resistir ao efeito decorrente da lavagem por \u00e1gua e \u00e0 oxida\u00e7\u00e3o decorrente de trabalhos em altas temperaturas. Ela cont\u00e9m ainda bissulfeto de molibd\u00eanio (\u201cmoly\u201d) em sua composi\u00e7\u00e3o, o que proporciona uma maior prote\u00e7\u00e3o contra os efeitos ocasionados pelo desgaste.<br \/>\nMobilgrease \u00ae Special \u00e9 uma graxa de uso automotivo formulada para m\u00faltiplas aplica\u00e7\u00f5es de trabalhos em condi\u00e7\u00f5es extre -mamente exigentes, projetada para uso em carros de passeio, caminh\u00f5es, tratores, em equipamentos de uso em trabalhos de empreiteiras, constru\u00e7\u00e3o, minera\u00e7\u00e3o e em equipamentos m\u00f3veis. A sua faixa operacional de temperatura recomendada \u00e9 de -20 \u00b0C a 130 \u00b0C. Devido \u00e0 sua excepcional prote\u00e7\u00e3o proporcionada pela adi\u00e7\u00e3o de bissulfeto de molibd\u00eanio, a Mobilgrease \u00ae Special \u00e9 particularmente indicada para uso em rolamentos sujeitos a cargas altamente pesadas, que exigem performance em<br \/>\nmovimentos sob condi\u00e7\u00f5es de desgaste por vibra\u00e7\u00e3o, oscila\u00e7\u00e3o ou que atuem por deslizamento.<\/span><\/p>\n","protected":false},"excerpt":{"rendered":"<h3>\u00d3leo lubrificante Mobilgrease Especial<\/h3>\n<p>Graxa Bissulfeto de Molibd\u00eanio NLGI 2 Mobil Mobilgrease Special \u00e9 uma graxa de alta performance \u00e0 base de hidroxiestearato de l\u00edtio indicada para trabalhos em condi\u00e7\u00f5es sujeitas a extremas press\u00f5es. Ela \u00e9 formulada para proporcionar prote\u00e7\u00e3o contra o desgaste e a corros\u00e3o, al\u00e9m de resistir ao efeito decorrente da lavagem por \u00e1gua e \u00e0 oxida\u00e7\u00e3o decorrente de trabalhos em altas temperaturas.<\/p>\n","protected":false},"featured_media":6453,"template":"","meta":{"_acf_changed":false},"product_cat":[432,412],"product_tag":[],"class_list":{"0":"post-3871","1":"product","2":"type-product","3":"status-publish","4":"has-post-thumbnail","6":"product_cat-bissulfeto-de-molibdenio","7":"product_cat-graxas","9":"first","10":"instock","11":"shipping-taxable","12":"product-type-simple"},"acf":[],"yoast_head":"<!-- This site is optimized with the Yoast SEO plugin v23.9 - https:\/\/yoast.com\/wordpress\/plugins\/seo\/ -->\n<title>Mobil Mobilgrease Especial - Pefil - Lubrificantes Mobil<\/title>\n<meta name=\"robots\" content=\"index, follow, max-snippet:-1, max-image-preview:large, max-video-preview:-1\" \/>\n<link rel=\"canonical\" href=\"https:\/\/lubrificantes.pefil.com.br\/mobil\/produto\/mobil-mobilgrease-especial\/\" \/>\n<meta property=\"og:locale\" content=\"pt_BR\" \/>\n<meta property=\"og:type\" content=\"article\" \/>\n<meta property=\"og:title\" content=\"Mobil Mobilgrease Especial - Pefil - Lubrificantes Mobil\" \/>\n<meta property=\"og:description\" content=\"\u00d3leo lubrificante Mobilgrease Especial Graxa Bissulfeto de Molibd\u00eanio NLGI 2 Mobil Mobilgrease Special \u00e9 uma graxa de alta performance \u00e0 base de hidroxiestearato de l\u00edtio indicada para trabalhos em condi\u00e7\u00f5es sujeitas a extremas press\u00f5es. Ela \u00e9 formulada para proporcionar prote\u00e7\u00e3o contra o desgaste e a corros\u00e3o, al\u00e9m de resistir ao efeito decorrente da lavagem por \u00e1gua e \u00e0 oxida\u00e7\u00e3o decorrente de trabalhos em altas temperaturas.\" \/>\n<meta property=\"og:url\" content=\"https:\/\/lubrificantes.pefil.com.br\/mobil\/produto\/mobil-mobilgrease-especial\/\" \/>\n<meta property=\"og:site_name\" content=\"Pefil - Lubrificantes Mobil\" \/>\n<meta property=\"article:modified_time\" content=\"2024-11-25T13:12:56+00:00\" \/>\n<meta property=\"og:image\" content=\"https:\/\/lubrificantes.pefil.com.br\/mobil\/wp-content\/uploads\/2019\/06\/Mobil-Spartan-EP-220-1.jpg\" \/>\n\t<meta property=\"og:image:width\" content=\"350\" \/>\n\t<meta property=\"og:image:height\" content=\"350\" \/>\n\t<meta property=\"og:image:type\" content=\"image\/jpeg\" \/>\n<meta name=\"twitter:card\" content=\"summary_large_image\" \/>\n<meta name=\"twitter:label1\" content=\"Est. tempo de leitura\" \/>\n\t<meta name=\"twitter:data1\" content=\"2 minutos\" \/>\n<script type=\"application\/ld+json\" class=\"yoast-schema-graph\">{\"@context\":\"https:\/\/schema.org\",\"@graph\":[{\"@type\":\"WebPage\",\"@id\":\"https:\/\/lubrificantes.pefil.com.br\/mobil\/produto\/mobil-mobilgrease-especial\/\",\"url\":\"https:\/\/lubrificantes.pefil.com.br\/mobil\/produto\/mobil-mobilgrease-especial\/\",\"name\":\"Mobil Mobilgrease Especial - Pefil - Lubrificantes Mobil\",\"isPartOf\":{\"@id\":\"https:\/\/lubrificantes.pefil.com.br\/mobil\/#website\"},\"primaryImageOfPage\":{\"@id\":\"https:\/\/lubrificantes.pefil.com.br\/mobil\/produto\/mobil-mobilgrease-especial\/#primaryimage\"},\"image\":{\"@id\":\"https:\/\/lubrificantes.pefil.com.br\/mobil\/produto\/mobil-mobilgrease-especial\/#primaryimage\"},\"thumbnailUrl\":\"https:\/\/lubrificantes.pefil.com.br\/mobil\/wp-content\/uploads\/2019\/06\/Mobil-Spartan-EP-220-1.jpg\",\"datePublished\":\"2019-06-25T13:21:44+00:00\",\"dateModified\":\"2024-11-25T13:12:56+00:00\",\"breadcrumb\":{\"@id\":\"https:\/\/lubrificantes.pefil.com.br\/mobil\/produto\/mobil-mobilgrease-especial\/#breadcrumb\"},\"inLanguage\":\"pt-BR\",\"potentialAction\":[{\"@type\":\"ReadAction\",\"target\":[\"https:\/\/lubrificantes.pefil.com.br\/mobil\/produto\/mobil-mobilgrease-especial\/\"]}]},{\"@type\":\"ImageObject\",\"inLanguage\":\"pt-BR\",\"@id\":\"https:\/\/lubrificantes.pefil.com.br\/mobil\/produto\/mobil-mobilgrease-especial\/#primaryimage\",\"url\":\"https:\/\/lubrificantes.pefil.com.br\/mobil\/wp-content\/uploads\/2019\/06\/Mobil-Spartan-EP-220-1.jpg\",\"contentUrl\":\"https:\/\/lubrificantes.pefil.com.br\/mobil\/wp-content\/uploads\/2019\/06\/Mobil-Spartan-EP-220-1.jpg\",\"width\":350,\"height\":350},{\"@type\":\"BreadcrumbList\",\"@id\":\"https:\/\/lubrificantes.pefil.com.br\/mobil\/produto\/mobil-mobilgrease-especial\/#breadcrumb\",\"itemListElement\":[{\"@type\":\"ListItem\",\"position\":1,\"name\":\"In\u00edcio\",\"item\":\"https:\/\/lubrificantes.pefil.com.br\/mobil\/\"},{\"@type\":\"ListItem\",\"position\":2,\"name\":\"Produtos\",\"item\":\"https:\/\/lubrificantes.pefil.com.br\/mobil\/shop\/\"},{\"@type\":\"ListItem\",\"position\":3,\"name\":\"Mobil Mobilgrease Especial\"}]},{\"@type\":\"WebSite\",\"@id\":\"https:\/\/lubrificantes.pefil.com.br\/mobil\/#website\",\"url\":\"https:\/\/lubrificantes.pefil.com.br\/mobil\/\",\"name\":\"Pefil - Lubrificantes Mobil\",\"description\":\"\",\"publisher\":{\"@id\":\"https:\/\/lubrificantes.pefil.com.br\/mobil\/#organization\"},\"potentialAction\":[{\"@type\":\"SearchAction\",\"target\":{\"@type\":\"EntryPoint\",\"urlTemplate\":\"https:\/\/lubrificantes.pefil.com.br\/mobil\/?s={search_term_string}\"},\"query-input\":{\"@type\":\"PropertyValueSpecification\",\"valueRequired\":true,\"valueName\":\"search_term_string\"}}],\"inLanguage\":\"pt-BR\"},{\"@type\":\"Organization\",\"@id\":\"https:\/\/lubrificantes.pefil.com.br\/mobil\/#organization\",\"name\":\"Pefil Lubrificantes\",\"url\":\"https:\/\/lubrificantes.pefil.com.br\/mobil\/\",\"logo\":{\"@type\":\"ImageObject\",\"inLanguage\":\"pt-BR\",\"@id\":\"https:\/\/lubrificantes.pefil.com.br\/mobil\/#\/schema\/logo\/image\/\",\"url\":\"http:\/\/vps54941.publiccloud.com.br\/mobil\/wp-content\/uploads\/2019\/07\/pefil.png\",\"contentUrl\":\"http:\/\/vps54941.publiccloud.com.br\/mobil\/wp-content\/uploads\/2019\/07\/pefil.png\",\"width\":300,\"height\":212,\"caption\":\"Pefil Lubrificantes\"},\"image\":{\"@id\":\"https:\/\/lubrificantes.pefil.com.br\/mobil\/#\/schema\/logo\/image\/\"}}]}<\/script>\n<!-- \/ Yoast SEO plugin. -->","yoast_head_json":{"title":"Mobil Mobilgrease Especial - Pefil - Lubrificantes Mobil","robots":{"index":"index","follow":"follow","max-snippet":"max-snippet:-1","max-image-preview":"max-image-preview:large","max-video-preview":"max-video-preview:-1"},"canonical":"https:\/\/lubrificantes.pefil.com.br\/mobil\/produto\/mobil-mobilgrease-especial\/","og_locale":"pt_BR","og_type":"article","og_title":"Mobil Mobilgrease Especial - Pefil - Lubrificantes Mobil","og_description":"\u00d3leo lubrificante Mobilgrease Especial Graxa Bissulfeto de Molibd\u00eanio NLGI 2 Mobil Mobilgrease Special \u00e9 uma graxa de alta performance \u00e0 base de hidroxiestearato de l\u00edtio indicada para trabalhos em condi\u00e7\u00f5es sujeitas a extremas press\u00f5es. Ela \u00e9 formulada para proporcionar prote\u00e7\u00e3o contra o desgaste e a corros\u00e3o, al\u00e9m de resistir ao efeito decorrente da lavagem por \u00e1gua e \u00e0 oxida\u00e7\u00e3o decorrente de trabalhos em altas temperaturas.","og_url":"https:\/\/lubrificantes.pefil.com.br\/mobil\/produto\/mobil-mobilgrease-especial\/","og_site_name":"Pefil - Lubrificantes Mobil","article_modified_time":"2024-11-25T13:12:56+00:00","og_image":[{"width":350,"height":350,"url":"https:\/\/lubrificantes.pefil.com.br\/mobil\/wp-content\/uploads\/2019\/06\/Mobil-Spartan-EP-220-1.jpg","type":"image\/jpeg"}],"twitter_card":"summary_large_image","twitter_misc":{"Est. tempo de leitura":"2 minutos"},"schema":{"@context":"https:\/\/schema.org","@graph":[{"@type":"WebPage","@id":"https:\/\/lubrificantes.pefil.com.br\/mobil\/produto\/mobil-mobilgrease-especial\/","url":"https:\/\/lubrificantes.pefil.com.br\/mobil\/produto\/mobil-mobilgrease-especial\/","name":"Mobil Mobilgrease Especial - Pefil - Lubrificantes Mobil","isPartOf":{"@id":"https:\/\/lubrificantes.pefil.com.br\/mobil\/#website"},"primaryImageOfPage":{"@id":"https:\/\/lubrificantes.pefil.com.br\/mobil\/produto\/mobil-mobilgrease-especial\/#primaryimage"},"image":{"@id":"https:\/\/lubrificantes.pefil.com.br\/mobil\/produto\/mobil-mobilgrease-especial\/#primaryimage"},"thumbnailUrl":"https:\/\/lubrificantes.pefil.com.br\/mobil\/wp-content\/uploads\/2019\/06\/Mobil-Spartan-EP-220-1.jpg","datePublished":"2019-06-25T13:21:44+00:00","dateModified":"2024-11-25T13:12:56+00:00","breadcrumb":{"@id":"https:\/\/lubrificantes.pefil.com.br\/mobil\/produto\/mobil-mobilgrease-especial\/#breadcrumb"},"inLanguage":"pt-BR","potentialAction":[{"@type":"ReadAction","target":["https:\/\/lubrificantes.pefil.com.br\/mobil\/produto\/mobil-mobilgrease-especial\/"]}]},{"@type":"ImageObject","inLanguage":"pt-BR","@id":"https:\/\/lubrificantes.pefil.com.br\/mobil\/produto\/mobil-mobilgrease-especial\/#primaryimage","url":"https:\/\/lubrificantes.pefil.com.br\/mobil\/wp-content\/uploads\/2019\/06\/Mobil-Spartan-EP-220-1.jpg","contentUrl":"https:\/\/lubrificantes.pefil.com.br\/mobil\/wp-content\/uploads\/2019\/06\/Mobil-Spartan-EP-220-1.jpg","width":350,"height":350},{"@type":"BreadcrumbList","@id":"https:\/\/lubrificantes.pefil.com.br\/mobil\/produto\/mobil-mobilgrease-especial\/#breadcrumb","itemListElement":[{"@type":"ListItem","position":1,"name":"In\u00edcio","item":"https:\/\/lubrificantes.pefil.com.br\/mobil\/"},{"@type":"ListItem","position":2,"name":"Produtos","item":"https:\/\/lubrificantes.pefil.com.br\/mobil\/shop\/"},{"@type":"ListItem","position":3,"name":"Mobil Mobilgrease Especial"}]},{"@type":"WebSite","@id":"https:\/\/lubrificantes.pefil.com.br\/mobil\/#website","url":"https:\/\/lubrificantes.pefil.com.br\/mobil\/","name":"Pefil - Lubrificantes Mobil","description":"","publisher":{"@id":"https:\/\/lubrificantes.pefil.com.br\/mobil\/#organization"},"potentialAction":[{"@type":"SearchAction","target":{"@type":"EntryPoint","urlTemplate":"https:\/\/lubrificantes.pefil.com.br\/mobil\/?s={search_term_string}"},"query-input":{"@type":"PropertyValueSpecification","valueRequired":true,"valueName":"search_term_string"}}],"inLanguage":"pt-BR"},{"@type":"Organization","@id":"https:\/\/lubrificantes.pefil.com.br\/mobil\/#organization","name":"Pefil Lubrificantes","url":"https:\/\/lubrificantes.pefil.com.br\/mobil\/","logo":{"@type":"ImageObject","inLanguage":"pt-BR","@id":"https:\/\/lubrificantes.pefil.com.br\/mobil\/#\/schema\/logo\/image\/","url":"http:\/\/vps54941.publiccloud.com.br\/mobil\/wp-content\/uploads\/2019\/07\/pefil.png","contentUrl":"http:\/\/vps54941.publiccloud.com.br\/mobil\/wp-content\/uploads\/2019\/07\/pefil.png","width":300,"height":212,"caption":"Pefil Lubrificantes"},"image":{"@id":"https:\/\/lubrificantes.pefil.com.br\/mobil\/#\/schema\/logo\/image\/"}}]}},"_links":{"self":[{"href":"https:\/\/lubrificantes.pefil.com.br\/mobil\/wp-json\/wp\/v2\/product\/3871","targetHints":{"allow":["GET"]}}],"collection":[{"href":"https:\/\/lubrificantes.pefil.com.br\/mobil\/wp-json\/wp\/v2\/product"}],"about":[{"href":"https:\/\/lubrificantes.pefil.com.br\/mobil\/wp-json\/wp\/v2\/types\/product"}],"version-history":[{"count":2,"href":"https:\/\/lubrificantes.pefil.com.br\/mobil\/wp-json\/wp\/v2\/product\/3871\/revisions"}],"predecessor-version":[{"id":6505,"href":"https:\/\/lubrificantes.pefil.com.br\/mobil\/wp-json\/wp\/v2\/product\/3871\/revisions\/6505"}],"wp:featuredmedia":[{"embeddable":true,"href":"https:\/\/lubrificantes.pefil.com.br\/mobil\/wp-json\/wp\/v2\/media\/6453"}],"wp:attachment":[{"href":"https:\/\/lubrificantes.pefil.com.br\/mobil\/wp-json\/wp\/v2\/media?parent=3871"}],"wp:term":[{"taxonomy":"product_cat","embeddable":true,"href":"https:\/\/lubrificantes.pefil.com.br\/mobil\/wp-json\/wp\/v2\/product_cat?post=3871"},{"taxonomy":"product_tag","embeddable":true,"href":"https:\/\/lubrificantes.pefil.com.br\/mobil\/wp-json\/wp\/v2\/product_tag?post=3871"}],"curies":[{"name":"wp","href":"https:\/\/api.w.org\/{rel}","templated":true}]}}