{"id":3825,"date":"2019-06-25T10:21:36","date_gmt":"2019-06-25T13:21:36","guid":{"rendered":"https:\/\/lubrificantes.pefil.com.br\/mobil\/?post_type=product&#038;p=3825"},"modified":"2024-11-25T11:23:46","modified_gmt":"2024-11-25T14:23:46","slug":"mobil-delvac-super-1400","status":"publish","type":"product","link":"https:\/\/lubrificantes.pefil.com.br\/mobil\/produto\/mobil-delvac-super-1400\/","title":{"rendered":"Mobil Delvac Super 1400"},"content":{"rendered":"<h2>\u00d3leo lubrificante Mobil Delvac Super 1400<\/h2>\n<p>&nbsp;<\/p>\n<p>\u00d3leo Motor Diesel 15W40 Mobil Delvac Super 1400 15W40\u00a0\u00e9 um \u00f3leo para motores a diesel de 4 tempos de alto desempenho, desenvolvido para motores a diesel modernos. \u00c9 produzido com \u00f3leos b\u00e1sicos minerais de alt\u00edssima qualidade e um sistema balanceado de aditiva\u00e7\u00e3o de tecnologia avan\u00e7ada apropriada para suportar os intervalos longos de troca, indicados para esses motores.<\/p>\n<p>MOBIL DELVAC SUPER 1400 15W-40 \u00e9 indicado para motores a diesel de 4 tempos naturalmen-te aspirados e turboalimentados de tecnologia moderna e tamb\u00e9m para motores de tecnologias menos atuais e em boas condi\u00e7\u00f5es de manuten\u00e7\u00e3o, operando em servi\u00e7o moderado ou severo. \u00c9 apropriado para uso em caminh\u00f5es ou \u00f4nibus urbanos ou rodovi\u00e1rios, em pick-ups, vans e equipamentos fora de estradas, como os utilizados em terraplenagem, constru\u00e7\u00e3o, minera\u00e7\u00e3o e nos servi\u00e7os agr\u00edcolas, bem como em equipamentos industriais, quando o fabricante do motor indica um \u00f3leo lubrificante com suas especifica\u00e7\u00f5es e aprova\u00e7\u00f5es.<\/p>\n<p>Pode ainda ser usado em motores ciclo OTTO (gasolina, \u00e1lcool, GNV) quando o fabricante do motor indica um \u00f3leo lubrificante API SJ. O uso em v\u00e1rios tipos de motor o torna ideal para ope-radores que possuam frota mista.<\/p>\n<p><strong><strong>Especifica\u00e7\u00f5es e Aprova\u00e7\u00f5es<\/strong><\/strong><br \/>\nAPI CH-4\/SJ<br \/>\nACEA E3-96 ISSUE 3<br \/>\nVOLVO VDS-2<br \/>\nMAN\u00a0 M3275<br \/>\nMB 228.3<\/p>\n","protected":false},"excerpt":{"rendered":"<h3>\u00d3leo Lubrificante Mobil Delvac Super 1400<\/h3>\n<p>\u00d3leo Motor Diesel 15W40 Mobil Delvac Super 1400 15W40\u00a0\u00e9 um \u00f3leo para motores a diesel de 4 tempos de alto desempenho, desenvolvido para motores a diesel modernos. \u00c9 produzido com \u00f3leos b\u00e1sicos minerais de alt\u00edssima qualidade e um sistema balanceado de aditiva\u00e7\u00e3o de tecnologia avan\u00e7ada apropriada para suportar os intervalos longos de troca, indicados para esses motores<\/p>\n","protected":false},"featured_media":5788,"template":"","meta":{"_acf_changed":false},"product_cat":[402,409],"product_tag":[],"class_list":{"0":"post-3825","1":"product","2":"type-product","3":"status-publish","4":"has-post-thumbnail","6":"product_cat-automotivos","7":"product_cat-motores-a-diesel","9":"first","10":"instock","11":"shipping-taxable","12":"product-type-simple"},"acf":[],"yoast_head":"<!-- This site is optimized with the Yoast SEO plugin v23.9 - https:\/\/yoast.com\/wordpress\/plugins\/seo\/ -->\n<title>Mobil Delvac Super 1400 - Pefil - Lubrificantes Mobil<\/title>\n<meta name=\"robots\" content=\"index, follow, max-snippet:-1, max-image-preview:large, max-video-preview:-1\" \/>\n<link rel=\"canonical\" href=\"https:\/\/lubrificantes.pefil.com.br\/mobil\/produto\/mobil-delvac-super-1400\/\" \/>\n<meta property=\"og:locale\" content=\"pt_BR\" \/>\n<meta property=\"og:type\" content=\"article\" \/>\n<meta property=\"og:title\" content=\"Mobil Delvac Super 1400 - Pefil - Lubrificantes Mobil\" \/>\n<meta property=\"og:description\" content=\"\u00d3leo Lubrificante Mobil Delvac Super 1400 \u00d3leo Motor Diesel 15W40 Mobil Delvac Super 1400 15W40\u00a0\u00e9 um \u00f3leo para motores a diesel de 4 tempos de alto desempenho, desenvolvido para motores a diesel modernos. \u00c9 produzido com \u00f3leos b\u00e1sicos minerais de alt\u00edssima qualidade e um sistema balanceado de aditiva\u00e7\u00e3o de tecnologia avan\u00e7ada apropriada para suportar os intervalos longos de troca, indicados para esses motores\" \/>\n<meta property=\"og:url\" content=\"https:\/\/lubrificantes.pefil.com.br\/mobil\/produto\/mobil-delvac-super-1400\/\" \/>\n<meta property=\"og:site_name\" content=\"Pefil - Lubrificantes Mobil\" \/>\n<meta property=\"article:modified_time\" content=\"2024-11-25T14:23:46+00:00\" \/>\n<meta property=\"og:image\" content=\"https:\/\/lubrificantes.pefil.com.br\/mobil\/wp-content\/uploads\/2024\/10\/mobil-super-1400-15w40.jpg\" \/>\n\t<meta property=\"og:image:width\" content=\"400\" \/>\n\t<meta property=\"og:image:height\" content=\"400\" \/>\n\t<meta property=\"og:image:type\" content=\"image\/jpeg\" \/>\n<meta name=\"twitter:card\" content=\"summary_large_image\" \/>\n<meta name=\"twitter:label1\" content=\"Est. tempo de leitura\" \/>\n\t<meta name=\"twitter:data1\" content=\"2 minutos\" \/>\n<script type=\"application\/ld+json\" class=\"yoast-schema-graph\">{\"@context\":\"https:\/\/schema.org\",\"@graph\":[{\"@type\":\"WebPage\",\"@id\":\"https:\/\/lubrificantes.pefil.com.br\/mobil\/produto\/mobil-delvac-super-1400\/\",\"url\":\"https:\/\/lubrificantes.pefil.com.br\/mobil\/produto\/mobil-delvac-super-1400\/\",\"name\":\"Mobil Delvac Super 1400 - Pefil - Lubrificantes Mobil\",\"isPartOf\":{\"@id\":\"https:\/\/lubrificantes.pefil.com.br\/mobil\/#website\"},\"primaryImageOfPage\":{\"@id\":\"https:\/\/lubrificantes.pefil.com.br\/mobil\/produto\/mobil-delvac-super-1400\/#primaryimage\"},\"image\":{\"@id\":\"https:\/\/lubrificantes.pefil.com.br\/mobil\/produto\/mobil-delvac-super-1400\/#primaryimage\"},\"thumbnailUrl\":\"https:\/\/lubrificantes.pefil.com.br\/mobil\/wp-content\/uploads\/2024\/10\/mobil-super-1400-15w40.jpg\",\"datePublished\":\"2019-06-25T13:21:36+00:00\",\"dateModified\":\"2024-11-25T14:23:46+00:00\",\"breadcrumb\":{\"@id\":\"https:\/\/lubrificantes.pefil.com.br\/mobil\/produto\/mobil-delvac-super-1400\/#breadcrumb\"},\"inLanguage\":\"pt-BR\",\"potentialAction\":[{\"@type\":\"ReadAction\",\"target\":[\"https:\/\/lubrificantes.pefil.com.br\/mobil\/produto\/mobil-delvac-super-1400\/\"]}]},{\"@type\":\"ImageObject\",\"inLanguage\":\"pt-BR\",\"@id\":\"https:\/\/lubrificantes.pefil.com.br\/mobil\/produto\/mobil-delvac-super-1400\/#primaryimage\",\"url\":\"https:\/\/lubrificantes.pefil.com.br\/mobil\/wp-content\/uploads\/2024\/10\/mobil-super-1400-15w40.jpg\",\"contentUrl\":\"https:\/\/lubrificantes.pefil.com.br\/mobil\/wp-content\/uploads\/2024\/10\/mobil-super-1400-15w40.jpg\",\"width\":400,\"height\":400},{\"@type\":\"BreadcrumbList\",\"@id\":\"https:\/\/lubrificantes.pefil.com.br\/mobil\/produto\/mobil-delvac-super-1400\/#breadcrumb\",\"itemListElement\":[{\"@type\":\"ListItem\",\"position\":1,\"name\":\"In\u00edcio\",\"item\":\"https:\/\/lubrificantes.pefil.com.br\/mobil\/\"},{\"@type\":\"ListItem\",\"position\":2,\"name\":\"Produtos\",\"item\":\"https:\/\/lubrificantes.pefil.com.br\/mobil\/shop\/\"},{\"@type\":\"ListItem\",\"position\":3,\"name\":\"Mobil Delvac Super 1400\"}]},{\"@type\":\"WebSite\",\"@id\":\"https:\/\/lubrificantes.pefil.com.br\/mobil\/#website\",\"url\":\"https:\/\/lubrificantes.pefil.com.br\/mobil\/\",\"name\":\"Pefil - Lubrificantes Mobil\",\"description\":\"\",\"publisher\":{\"@id\":\"https:\/\/lubrificantes.pefil.com.br\/mobil\/#organization\"},\"potentialAction\":[{\"@type\":\"SearchAction\",\"target\":{\"@type\":\"EntryPoint\",\"urlTemplate\":\"https:\/\/lubrificantes.pefil.com.br\/mobil\/?s={search_term_string}\"},\"query-input\":{\"@type\":\"PropertyValueSpecification\",\"valueRequired\":true,\"valueName\":\"search_term_string\"}}],\"inLanguage\":\"pt-BR\"},{\"@type\":\"Organization\",\"@id\":\"https:\/\/lubrificantes.pefil.com.br\/mobil\/#organization\",\"name\":\"Pefil Lubrificantes\",\"url\":\"https:\/\/lubrificantes.pefil.com.br\/mobil\/\",\"logo\":{\"@type\":\"ImageObject\",\"inLanguage\":\"pt-BR\",\"@id\":\"https:\/\/lubrificantes.pefil.com.br\/mobil\/#\/schema\/logo\/image\/\",\"url\":\"http:\/\/vps54941.publiccloud.com.br\/mobil\/wp-content\/uploads\/2019\/07\/pefil.png\",\"contentUrl\":\"http:\/\/vps54941.publiccloud.com.br\/mobil\/wp-content\/uploads\/2019\/07\/pefil.png\",\"width\":300,\"height\":212,\"caption\":\"Pefil Lubrificantes\"},\"image\":{\"@id\":\"https:\/\/lubrificantes.pefil.com.br\/mobil\/#\/schema\/logo\/image\/\"}}]}<\/script>\n<!-- \/ Yoast SEO plugin. -->","yoast_head_json":{"title":"Mobil Delvac Super 1400 - Pefil - Lubrificantes Mobil","robots":{"index":"index","follow":"follow","max-snippet":"max-snippet:-1","max-image-preview":"max-image-preview:large","max-video-preview":"max-video-preview:-1"},"canonical":"https:\/\/lubrificantes.pefil.com.br\/mobil\/produto\/mobil-delvac-super-1400\/","og_locale":"pt_BR","og_type":"article","og_title":"Mobil Delvac Super 1400 - Pefil - Lubrificantes Mobil","og_description":"\u00d3leo Lubrificante Mobil Delvac Super 1400 \u00d3leo Motor Diesel 15W40 Mobil Delvac Super 1400 15W40\u00a0\u00e9 um \u00f3leo para motores a diesel de 4 tempos de alto desempenho, desenvolvido para motores a diesel modernos. \u00c9 produzido com \u00f3leos b\u00e1sicos minerais de alt\u00edssima qualidade e um sistema balanceado de aditiva\u00e7\u00e3o de tecnologia avan\u00e7ada apropriada para suportar os intervalos longos de troca, indicados para esses motores","og_url":"https:\/\/lubrificantes.pefil.com.br\/mobil\/produto\/mobil-delvac-super-1400\/","og_site_name":"Pefil - Lubrificantes Mobil","article_modified_time":"2024-11-25T14:23:46+00:00","og_image":[{"width":400,"height":400,"url":"https:\/\/lubrificantes.pefil.com.br\/mobil\/wp-content\/uploads\/2024\/10\/mobil-super-1400-15w40.jpg","type":"image\/jpeg"}],"twitter_card":"summary_large_image","twitter_misc":{"Est. tempo de leitura":"2 minutos"},"schema":{"@context":"https:\/\/schema.org","@graph":[{"@type":"WebPage","@id":"https:\/\/lubrificantes.pefil.com.br\/mobil\/produto\/mobil-delvac-super-1400\/","url":"https:\/\/lubrificantes.pefil.com.br\/mobil\/produto\/mobil-delvac-super-1400\/","name":"Mobil Delvac Super 1400 - Pefil - Lubrificantes Mobil","isPartOf":{"@id":"https:\/\/lubrificantes.pefil.com.br\/mobil\/#website"},"primaryImageOfPage":{"@id":"https:\/\/lubrificantes.pefil.com.br\/mobil\/produto\/mobil-delvac-super-1400\/#primaryimage"},"image":{"@id":"https:\/\/lubrificantes.pefil.com.br\/mobil\/produto\/mobil-delvac-super-1400\/#primaryimage"},"thumbnailUrl":"https:\/\/lubrificantes.pefil.com.br\/mobil\/wp-content\/uploads\/2024\/10\/mobil-super-1400-15w40.jpg","datePublished":"2019-06-25T13:21:36+00:00","dateModified":"2024-11-25T14:23:46+00:00","breadcrumb":{"@id":"https:\/\/lubrificantes.pefil.com.br\/mobil\/produto\/mobil-delvac-super-1400\/#breadcrumb"},"inLanguage":"pt-BR","potentialAction":[{"@type":"ReadAction","target":["https:\/\/lubrificantes.pefil.com.br\/mobil\/produto\/mobil-delvac-super-1400\/"]}]},{"@type":"ImageObject","inLanguage":"pt-BR","@id":"https:\/\/lubrificantes.pefil.com.br\/mobil\/produto\/mobil-delvac-super-1400\/#primaryimage","url":"https:\/\/lubrificantes.pefil.com.br\/mobil\/wp-content\/uploads\/2024\/10\/mobil-super-1400-15w40.jpg","contentUrl":"https:\/\/lubrificantes.pefil.com.br\/mobil\/wp-content\/uploads\/2024\/10\/mobil-super-1400-15w40.jpg","width":400,"height":400},{"@type":"BreadcrumbList","@id":"https:\/\/lubrificantes.pefil.com.br\/mobil\/produto\/mobil-delvac-super-1400\/#breadcrumb","itemListElement":[{"@type":"ListItem","position":1,"name":"In\u00edcio","item":"https:\/\/lubrificantes.pefil.com.br\/mobil\/"},{"@type":"ListItem","position":2,"name":"Produtos","item":"https:\/\/lubrificantes.pefil.com.br\/mobil\/shop\/"},{"@type":"ListItem","position":3,"name":"Mobil Delvac Super 1400"}]},{"@type":"WebSite","@id":"https:\/\/lubrificantes.pefil.com.br\/mobil\/#website","url":"https:\/\/lubrificantes.pefil.com.br\/mobil\/","name":"Pefil - Lubrificantes Mobil","description":"","publisher":{"@id":"https:\/\/lubrificantes.pefil.com.br\/mobil\/#organization"},"potentialAction":[{"@type":"SearchAction","target":{"@type":"EntryPoint","urlTemplate":"https:\/\/lubrificantes.pefil.com.br\/mobil\/?s={search_term_string}"},"query-input":{"@type":"PropertyValueSpecification","valueRequired":true,"valueName":"search_term_string"}}],"inLanguage":"pt-BR"},{"@type":"Organization","@id":"https:\/\/lubrificantes.pefil.com.br\/mobil\/#organization","name":"Pefil Lubrificantes","url":"https:\/\/lubrificantes.pefil.com.br\/mobil\/","logo":{"@type":"ImageObject","inLanguage":"pt-BR","@id":"https:\/\/lubrificantes.pefil.com.br\/mobil\/#\/schema\/logo\/image\/","url":"http:\/\/vps54941.publiccloud.com.br\/mobil\/wp-content\/uploads\/2019\/07\/pefil.png","contentUrl":"http:\/\/vps54941.publiccloud.com.br\/mobil\/wp-content\/uploads\/2019\/07\/pefil.png","width":300,"height":212,"caption":"Pefil Lubrificantes"},"image":{"@id":"https:\/\/lubrificantes.pefil.com.br\/mobil\/#\/schema\/logo\/image\/"}}]}},"_links":{"self":[{"href":"https:\/\/lubrificantes.pefil.com.br\/mobil\/wp-json\/wp\/v2\/product\/3825","targetHints":{"allow":["GET"]}}],"collection":[{"href":"https:\/\/lubrificantes.pefil.com.br\/mobil\/wp-json\/wp\/v2\/product"}],"about":[{"href":"https:\/\/lubrificantes.pefil.com.br\/mobil\/wp-json\/wp\/v2\/types\/product"}],"version-history":[{"count":2,"href":"https:\/\/lubrificantes.pefil.com.br\/mobil\/wp-json\/wp\/v2\/product\/3825\/revisions"}],"predecessor-version":[{"id":6564,"href":"https:\/\/lubrificantes.pefil.com.br\/mobil\/wp-json\/wp\/v2\/product\/3825\/revisions\/6564"}],"wp:featuredmedia":[{"embeddable":true,"href":"https:\/\/lubrificantes.pefil.com.br\/mobil\/wp-json\/wp\/v2\/media\/5788"}],"wp:attachment":[{"href":"https:\/\/lubrificantes.pefil.com.br\/mobil\/wp-json\/wp\/v2\/media?parent=3825"}],"wp:term":[{"taxonomy":"product_cat","embeddable":true,"href":"https:\/\/lubrificantes.pefil.com.br\/mobil\/wp-json\/wp\/v2\/product_cat?post=3825"},{"taxonomy":"product_tag","embeddable":true,"href":"https:\/\/lubrificantes.pefil.com.br\/mobil\/wp-json\/wp\/v2\/product_tag?post=3825"}],"curies":[{"name":"wp","href":"https:\/\/api.w.org\/{rel}","templated":true}]}}