{"id":3819,"date":"2019-06-25T10:21:35","date_gmt":"2019-06-25T13:21:35","guid":{"rendered":"https:\/\/lubrificantes.pefil.com.br\/mobil\/?post_type=product&#038;p=3819"},"modified":"2024-11-25T14:00:10","modified_gmt":"2024-11-25T17:00:10","slug":"mobil-delvac-1-le-5w30","status":"publish","type":"product","link":"https:\/\/lubrificantes.pefil.com.br\/mobil\/produto\/mobil-delvac-1-le-5w30\/","title":{"rendered":"Mobil Delvac 1 LE 5W30"},"content":{"rendered":"<h2>\u00d3leo lubrificante Mobil\u00a0Delvac 1 LE 5W30<\/h2>\n<p>&nbsp;<\/p>\n<p>\u00d3leo Motor Diesel 5W30 Mobil Delvac 1 LE 5W30\u00a0\u00e9 um \u00f3leo totalmente sint\u00e9tico de elevado desempenho para motores diesel em servi\u00e7o severo.<\/p>\n<p>O Mobil Delvac 1 LE 5W-30 \u00e9 recomendado para diversas\u00a0 aplica\u00e7\u00f5es de servi\u00e7o pesado como no transporte de estrada e em equipamentos de minera\u00e7\u00e3o, constru\u00e7\u00e3o e agr\u00edcola. O desempenho do Mobil Delvac 1 LE 5W-30 \u00e9 o resultado de um trabalho em conjunto com os maiores fabricantes de equipamentos e da aplica\u00e7\u00e3o das mais recentes tecnologias de lubrifica\u00e7\u00e3o.<\/p>\n<p>Mobil Delvac 1 LE 5W-30 atende simultaneamente os requisitos de aprova\u00e7\u00e3o MB Approval 228.51 e MB Approval 228.5 no grau de viscosidade 5W-30. O potencial de economia de combust\u00edvel depende do tipo de ve\u00edculo\/equipamento, da temperatura externa, das condi\u00e7\u00f5es de condu\u00e7\u00e3o e da viscosidade do \u00f3leo atual.<\/p>\n<p><strong><strong>Especifica\u00e7\u00f5es e Aprova\u00e7\u00f5es:<\/strong><\/strong><\/p>\n<p>ACEA E7<br \/>\nACEA E6<br \/>\nACEA E4<br \/>\nCaminh\u00e3o Renault RXD<br \/>\nCaminh\u00e3o Renault RLD<br \/>\nCaminh\u00e3o Renault RLD-2<br \/>\nDAF Extended Drain<br \/>\nMB Approval 228.51<br \/>\nMB Approval 228.5<br \/>\nMB Approval 235.28<br \/>\nMAN M 3477<br \/>\nVOLVO VDS-3<br \/>\nMTU Oil Category 3.1<br \/>\nDEUTZ DQC III-10 LA<\/p>\n","protected":false},"excerpt":{"rendered":"<h3>\u00d3leo Lubrificante Mobil Delvac 1 LE 5W30<\/h3>\n<p>\u00d3leo Motor Diesel 5W30 Mobil Delvac 1 LE 5W30\u00a0\u00e9 um \u00f3leo totalmente sint\u00e9tico de elevado desempenho para motores diesel em servi\u00e7o severo<\/p>\n","protected":false},"featured_media":5809,"template":"","meta":{"_acf_changed":false},"product_cat":[402,409],"product_tag":[],"class_list":{"0":"post-3819","1":"product","2":"type-product","3":"status-publish","4":"has-post-thumbnail","6":"product_cat-automotivos","7":"product_cat-motores-a-diesel","9":"first","10":"instock","11":"shipping-taxable","12":"product-type-simple"},"acf":[],"yoast_head":"<!-- This site is optimized with the Yoast SEO plugin v23.9 - https:\/\/yoast.com\/wordpress\/plugins\/seo\/ -->\n<title>Mobil Delvac 1 LE 5W30 - Pefil - Lubrificantes Mobil<\/title>\n<meta name=\"robots\" content=\"index, follow, max-snippet:-1, max-image-preview:large, max-video-preview:-1\" \/>\n<link rel=\"canonical\" href=\"https:\/\/lubrificantes.pefil.com.br\/mobil\/produto\/mobil-delvac-1-le-5w30\/\" \/>\n<meta property=\"og:locale\" content=\"pt_BR\" \/>\n<meta property=\"og:type\" content=\"article\" \/>\n<meta property=\"og:title\" content=\"Mobil Delvac 1 LE 5W30 - Pefil - Lubrificantes Mobil\" \/>\n<meta property=\"og:description\" content=\"\u00d3leo Lubrificante Mobil Delvac 1 LE 5W30 \u00d3leo Motor Diesel 5W30 Mobil Delvac 1 LE 5W30\u00a0\u00e9 um \u00f3leo totalmente sint\u00e9tico de elevado desempenho para motores diesel em servi\u00e7o severo\" \/>\n<meta property=\"og:url\" content=\"https:\/\/lubrificantes.pefil.com.br\/mobil\/produto\/mobil-delvac-1-le-5w30\/\" \/>\n<meta property=\"og:site_name\" content=\"Pefil - Lubrificantes Mobil\" \/>\n<meta property=\"article:modified_time\" content=\"2024-11-25T17:00:10+00:00\" \/>\n<meta property=\"og:image\" content=\"https:\/\/lubrificantes.pefil.com.br\/mobil\/wp-content\/uploads\/2024\/10\/mobil-delvac-1-le-5w30.jpg\" \/>\n\t<meta property=\"og:image:width\" content=\"400\" \/>\n\t<meta property=\"og:image:height\" content=\"400\" \/>\n\t<meta property=\"og:image:type\" content=\"image\/jpeg\" \/>\n<meta name=\"twitter:card\" content=\"summary_large_image\" \/>\n<meta name=\"twitter:label1\" content=\"Est. tempo de leitura\" \/>\n\t<meta name=\"twitter:data1\" content=\"1 minuto\" \/>\n<script type=\"application\/ld+json\" class=\"yoast-schema-graph\">{\"@context\":\"https:\/\/schema.org\",\"@graph\":[{\"@type\":\"WebPage\",\"@id\":\"https:\/\/lubrificantes.pefil.com.br\/mobil\/produto\/mobil-delvac-1-le-5w30\/\",\"url\":\"https:\/\/lubrificantes.pefil.com.br\/mobil\/produto\/mobil-delvac-1-le-5w30\/\",\"name\":\"Mobil Delvac 1 LE 5W30 - Pefil - Lubrificantes Mobil\",\"isPartOf\":{\"@id\":\"https:\/\/lubrificantes.pefil.com.br\/mobil\/#website\"},\"primaryImageOfPage\":{\"@id\":\"https:\/\/lubrificantes.pefil.com.br\/mobil\/produto\/mobil-delvac-1-le-5w30\/#primaryimage\"},\"image\":{\"@id\":\"https:\/\/lubrificantes.pefil.com.br\/mobil\/produto\/mobil-delvac-1-le-5w30\/#primaryimage\"},\"thumbnailUrl\":\"https:\/\/lubrificantes.pefil.com.br\/mobil\/wp-content\/uploads\/2024\/10\/mobil-delvac-1-le-5w30.jpg\",\"datePublished\":\"2019-06-25T13:21:35+00:00\",\"dateModified\":\"2024-11-25T17:00:10+00:00\",\"breadcrumb\":{\"@id\":\"https:\/\/lubrificantes.pefil.com.br\/mobil\/produto\/mobil-delvac-1-le-5w30\/#breadcrumb\"},\"inLanguage\":\"pt-BR\",\"potentialAction\":[{\"@type\":\"ReadAction\",\"target\":[\"https:\/\/lubrificantes.pefil.com.br\/mobil\/produto\/mobil-delvac-1-le-5w30\/\"]}]},{\"@type\":\"ImageObject\",\"inLanguage\":\"pt-BR\",\"@id\":\"https:\/\/lubrificantes.pefil.com.br\/mobil\/produto\/mobil-delvac-1-le-5w30\/#primaryimage\",\"url\":\"https:\/\/lubrificantes.pefil.com.br\/mobil\/wp-content\/uploads\/2024\/10\/mobil-delvac-1-le-5w30.jpg\",\"contentUrl\":\"https:\/\/lubrificantes.pefil.com.br\/mobil\/wp-content\/uploads\/2024\/10\/mobil-delvac-1-le-5w30.jpg\",\"width\":400,\"height\":400},{\"@type\":\"BreadcrumbList\",\"@id\":\"https:\/\/lubrificantes.pefil.com.br\/mobil\/produto\/mobil-delvac-1-le-5w30\/#breadcrumb\",\"itemListElement\":[{\"@type\":\"ListItem\",\"position\":1,\"name\":\"In\u00edcio\",\"item\":\"https:\/\/lubrificantes.pefil.com.br\/mobil\/\"},{\"@type\":\"ListItem\",\"position\":2,\"name\":\"Produtos\",\"item\":\"https:\/\/lubrificantes.pefil.com.br\/mobil\/shop\/\"},{\"@type\":\"ListItem\",\"position\":3,\"name\":\"Mobil Delvac 1 LE 5W30\"}]},{\"@type\":\"WebSite\",\"@id\":\"https:\/\/lubrificantes.pefil.com.br\/mobil\/#website\",\"url\":\"https:\/\/lubrificantes.pefil.com.br\/mobil\/\",\"name\":\"Pefil - Lubrificantes Mobil\",\"description\":\"\",\"publisher\":{\"@id\":\"https:\/\/lubrificantes.pefil.com.br\/mobil\/#organization\"},\"potentialAction\":[{\"@type\":\"SearchAction\",\"target\":{\"@type\":\"EntryPoint\",\"urlTemplate\":\"https:\/\/lubrificantes.pefil.com.br\/mobil\/?s={search_term_string}\"},\"query-input\":{\"@type\":\"PropertyValueSpecification\",\"valueRequired\":true,\"valueName\":\"search_term_string\"}}],\"inLanguage\":\"pt-BR\"},{\"@type\":\"Organization\",\"@id\":\"https:\/\/lubrificantes.pefil.com.br\/mobil\/#organization\",\"name\":\"Pefil Lubrificantes\",\"url\":\"https:\/\/lubrificantes.pefil.com.br\/mobil\/\",\"logo\":{\"@type\":\"ImageObject\",\"inLanguage\":\"pt-BR\",\"@id\":\"https:\/\/lubrificantes.pefil.com.br\/mobil\/#\/schema\/logo\/image\/\",\"url\":\"http:\/\/vps54941.publiccloud.com.br\/mobil\/wp-content\/uploads\/2019\/07\/pefil.png\",\"contentUrl\":\"http:\/\/vps54941.publiccloud.com.br\/mobil\/wp-content\/uploads\/2019\/07\/pefil.png\",\"width\":300,\"height\":212,\"caption\":\"Pefil Lubrificantes\"},\"image\":{\"@id\":\"https:\/\/lubrificantes.pefil.com.br\/mobil\/#\/schema\/logo\/image\/\"}}]}<\/script>\n<!-- \/ Yoast SEO plugin. -->","yoast_head_json":{"title":"Mobil Delvac 1 LE 5W30 - Pefil - Lubrificantes Mobil","robots":{"index":"index","follow":"follow","max-snippet":"max-snippet:-1","max-image-preview":"max-image-preview:large","max-video-preview":"max-video-preview:-1"},"canonical":"https:\/\/lubrificantes.pefil.com.br\/mobil\/produto\/mobil-delvac-1-le-5w30\/","og_locale":"pt_BR","og_type":"article","og_title":"Mobil Delvac 1 LE 5W30 - Pefil - Lubrificantes Mobil","og_description":"\u00d3leo Lubrificante Mobil Delvac 1 LE 5W30 \u00d3leo Motor Diesel 5W30 Mobil Delvac 1 LE 5W30\u00a0\u00e9 um \u00f3leo totalmente sint\u00e9tico de elevado desempenho para motores diesel em servi\u00e7o severo","og_url":"https:\/\/lubrificantes.pefil.com.br\/mobil\/produto\/mobil-delvac-1-le-5w30\/","og_site_name":"Pefil - Lubrificantes Mobil","article_modified_time":"2024-11-25T17:00:10+00:00","og_image":[{"width":400,"height":400,"url":"https:\/\/lubrificantes.pefil.com.br\/mobil\/wp-content\/uploads\/2024\/10\/mobil-delvac-1-le-5w30.jpg","type":"image\/jpeg"}],"twitter_card":"summary_large_image","twitter_misc":{"Est. tempo de leitura":"1 minuto"},"schema":{"@context":"https:\/\/schema.org","@graph":[{"@type":"WebPage","@id":"https:\/\/lubrificantes.pefil.com.br\/mobil\/produto\/mobil-delvac-1-le-5w30\/","url":"https:\/\/lubrificantes.pefil.com.br\/mobil\/produto\/mobil-delvac-1-le-5w30\/","name":"Mobil Delvac 1 LE 5W30 - Pefil - Lubrificantes Mobil","isPartOf":{"@id":"https:\/\/lubrificantes.pefil.com.br\/mobil\/#website"},"primaryImageOfPage":{"@id":"https:\/\/lubrificantes.pefil.com.br\/mobil\/produto\/mobil-delvac-1-le-5w30\/#primaryimage"},"image":{"@id":"https:\/\/lubrificantes.pefil.com.br\/mobil\/produto\/mobil-delvac-1-le-5w30\/#primaryimage"},"thumbnailUrl":"https:\/\/lubrificantes.pefil.com.br\/mobil\/wp-content\/uploads\/2024\/10\/mobil-delvac-1-le-5w30.jpg","datePublished":"2019-06-25T13:21:35+00:00","dateModified":"2024-11-25T17:00:10+00:00","breadcrumb":{"@id":"https:\/\/lubrificantes.pefil.com.br\/mobil\/produto\/mobil-delvac-1-le-5w30\/#breadcrumb"},"inLanguage":"pt-BR","potentialAction":[{"@type":"ReadAction","target":["https:\/\/lubrificantes.pefil.com.br\/mobil\/produto\/mobil-delvac-1-le-5w30\/"]}]},{"@type":"ImageObject","inLanguage":"pt-BR","@id":"https:\/\/lubrificantes.pefil.com.br\/mobil\/produto\/mobil-delvac-1-le-5w30\/#primaryimage","url":"https:\/\/lubrificantes.pefil.com.br\/mobil\/wp-content\/uploads\/2024\/10\/mobil-delvac-1-le-5w30.jpg","contentUrl":"https:\/\/lubrificantes.pefil.com.br\/mobil\/wp-content\/uploads\/2024\/10\/mobil-delvac-1-le-5w30.jpg","width":400,"height":400},{"@type":"BreadcrumbList","@id":"https:\/\/lubrificantes.pefil.com.br\/mobil\/produto\/mobil-delvac-1-le-5w30\/#breadcrumb","itemListElement":[{"@type":"ListItem","position":1,"name":"In\u00edcio","item":"https:\/\/lubrificantes.pefil.com.br\/mobil\/"},{"@type":"ListItem","position":2,"name":"Produtos","item":"https:\/\/lubrificantes.pefil.com.br\/mobil\/shop\/"},{"@type":"ListItem","position":3,"name":"Mobil Delvac 1 LE 5W30"}]},{"@type":"WebSite","@id":"https:\/\/lubrificantes.pefil.com.br\/mobil\/#website","url":"https:\/\/lubrificantes.pefil.com.br\/mobil\/","name":"Pefil - Lubrificantes Mobil","description":"","publisher":{"@id":"https:\/\/lubrificantes.pefil.com.br\/mobil\/#organization"},"potentialAction":[{"@type":"SearchAction","target":{"@type":"EntryPoint","urlTemplate":"https:\/\/lubrificantes.pefil.com.br\/mobil\/?s={search_term_string}"},"query-input":{"@type":"PropertyValueSpecification","valueRequired":true,"valueName":"search_term_string"}}],"inLanguage":"pt-BR"},{"@type":"Organization","@id":"https:\/\/lubrificantes.pefil.com.br\/mobil\/#organization","name":"Pefil Lubrificantes","url":"https:\/\/lubrificantes.pefil.com.br\/mobil\/","logo":{"@type":"ImageObject","inLanguage":"pt-BR","@id":"https:\/\/lubrificantes.pefil.com.br\/mobil\/#\/schema\/logo\/image\/","url":"http:\/\/vps54941.publiccloud.com.br\/mobil\/wp-content\/uploads\/2019\/07\/pefil.png","contentUrl":"http:\/\/vps54941.publiccloud.com.br\/mobil\/wp-content\/uploads\/2019\/07\/pefil.png","width":300,"height":212,"caption":"Pefil Lubrificantes"},"image":{"@id":"https:\/\/lubrificantes.pefil.com.br\/mobil\/#\/schema\/logo\/image\/"}}]}},"_links":{"self":[{"href":"https:\/\/lubrificantes.pefil.com.br\/mobil\/wp-json\/wp\/v2\/product\/3819","targetHints":{"allow":["GET"]}}],"collection":[{"href":"https:\/\/lubrificantes.pefil.com.br\/mobil\/wp-json\/wp\/v2\/product"}],"about":[{"href":"https:\/\/lubrificantes.pefil.com.br\/mobil\/wp-json\/wp\/v2\/types\/product"}],"version-history":[{"count":2,"href":"https:\/\/lubrificantes.pefil.com.br\/mobil\/wp-json\/wp\/v2\/product\/3819\/revisions"}],"predecessor-version":[{"id":6573,"href":"https:\/\/lubrificantes.pefil.com.br\/mobil\/wp-json\/wp\/v2\/product\/3819\/revisions\/6573"}],"wp:featuredmedia":[{"embeddable":true,"href":"https:\/\/lubrificantes.pefil.com.br\/mobil\/wp-json\/wp\/v2\/media\/5809"}],"wp:attachment":[{"href":"https:\/\/lubrificantes.pefil.com.br\/mobil\/wp-json\/wp\/v2\/media?parent=3819"}],"wp:term":[{"taxonomy":"product_cat","embeddable":true,"href":"https:\/\/lubrificantes.pefil.com.br\/mobil\/wp-json\/wp\/v2\/product_cat?post=3819"},{"taxonomy":"product_tag","embeddable":true,"href":"https:\/\/lubrificantes.pefil.com.br\/mobil\/wp-json\/wp\/v2\/product_tag?post=3819"}],"curies":[{"name":"wp","href":"https:\/\/api.w.org\/{rel}","templated":true}]}}